{"id":17243,"date":"2024-01-24T18:04:58","date_gmt":"2024-01-24T18:04:58","guid":{"rendered":"https:\/\/solarmoov.com\/kern-ecoflow"},"modified":"2024-06-28T06:07:59","modified_gmt":"2024-06-28T06:07:59","slug":"kern-ecoflow","status":"publish","type":"page","link":"https:\/\/solarmoov.com\/de\/kern-ecoflow","title":{"rendered":"Kern &amp; Ecoflow"},"content":{"rendered":"\t\t<div data-elementor-type=\"wp-page\" data-elementor-id=\"17243\" class=\"elementor elementor-17243 elementor-16484\" data-elementor-post-type=\"page\">\n\t\t\t\t\t\t<section class=\"elementor-section elementor-top-section elementor-element elementor-element-fc98329 elementor-section-full_width elementor-section-height-min-height elementor-section-items-stretch elementor-section-height-default\" data-id=\"fc98329\" data-element_type=\"section\" data-e-type=\"section\" data-settings=\"{&quot;background_background&quot;:&quot;classic&quot;}\">\n\t\t\t\t\t\t<div class=\"elementor-container elementor-column-gap-no\">\n\t\t\t\t\t<div class=\"elementor-column elementor-col-100 elementor-top-column elementor-element elementor-element-bee57b9\" data-id=\"bee57b9\" data-element_type=\"column\" data-e-type=\"column\" data-settings=\"{&quot;background_background&quot;:&quot;classic&quot;}\">\n\t\t\t<div class=\"elementor-widget-wrap elementor-element-populated\">\n\t\t\t\t\t<div class=\"elementor-background-overlay\"><\/div>\n\t\t\t\t\t\t<div class=\"elementor-element elementor-element-6ac2037 elementor-widget elementor-widget-heading\" data-id=\"6ac2037\" data-element_type=\"widget\" data-e-type=\"widget\" data-widget_type=\"heading.default\">\n\t\t\t\t<div class=\"elementor-widget-container\">\n\t\t\t\t\t<h2 class=\"elementor-heading-title elementor-size-default\">Kern &amp; Ecoflow  <\/h2>\t\t\t\t<\/div>\n\t\t\t\t<\/div>\n\t\t\t\t<div class=\"elementor-element elementor-element-9b4c570 elementor-widget elementor-widget-heading\" data-id=\"9b4c570\" data-element_type=\"widget\" data-e-type=\"widget\" data-widget_type=\"heading.default\">\n\t\t\t\t<div class=\"elementor-widget-container\">\n\t\t\t\t\t<h3 class=\"elementor-heading-title elementor-size-small\">Die ultimative L\u00f6sung zum Aufladen all Ihrer Ger\u00e4te<\/h3>\t\t\t\t<\/div>\n\t\t\t\t<\/div>\n\t\t\t\t\t<\/div>\n\t\t<\/div>\n\t\t\t\t\t<\/div>\n\t\t<\/section>\n\t\t<div class=\"elementor-element elementor-element-ecfe57f e-flex e-con-boxed e-con e-parent\" data-id=\"ecfe57f\" data-element_type=\"container\" data-e-type=\"container\">\n\t\t\t\t\t<div class=\"e-con-inner\">\n\t\t\t\t<div class=\"elementor-element elementor-element-fa73ea3 elementor-widget elementor-widget-spacer\" data-id=\"fa73ea3\" data-element_type=\"widget\" data-e-type=\"widget\" data-widget_type=\"spacer.default\">\n\t\t\t\t<div class=\"elementor-widget-container\">\n\t\t\t\t\t\t\t<div class=\"elementor-spacer\">\n\t\t\t<div class=\"elementor-spacer-inner\"><\/div>\n\t\t<\/div>\n\t\t\t\t\t\t<\/div>\n\t\t\t\t<\/div>\n\t\t\t\t<div class=\"elementor-element elementor-element-35711bf elementor-widget elementor-widget-heading\" data-id=\"35711bf\" data-element_type=\"widget\" data-e-type=\"widget\" data-widget_type=\"heading.default\">\n\t\t\t\t<div class=\"elementor-widget-container\">\n\t\t\t\t\t<h2 class=\"elementor-heading-title elementor-size-default\">Das Kombiinstrument, um alles unbegrenzt aufzuladen<\/h2>\t\t\t\t<\/div>\n\t\t\t\t<\/div>\n\t\t\t\t\t<\/div>\n\t\t\t\t<\/div>\n\t\t\t\t<section class=\"elementor-section elementor-top-section elementor-element elementor-element-e0ffbac elementor-section-content-middle elementor-section-height-min-height elementor-section-items-stretch elementor-section-boxed elementor-section-height-default\" data-id=\"e0ffbac\" data-element_type=\"section\" data-e-type=\"section\" data-settings=\"{&quot;background_background&quot;:&quot;classic&quot;}\">\n\t\t\t\t\t\t<div class=\"elementor-container elementor-column-gap-no\">\n\t\t\t\t\t<div class=\"elementor-column elementor-col-50 elementor-top-column elementor-element elementor-element-83c5f81\" data-id=\"83c5f81\" data-element_type=\"column\" data-e-type=\"column\">\n\t\t\t<div class=\"elementor-widget-wrap elementor-element-populated\">\n\t\t\t\t\t\t<div class=\"elementor-element elementor-element-ca44b6b elementor-widget elementor-widget-text-editor\" data-id=\"ca44b6b\" data-element_type=\"widget\" data-e-type=\"widget\" data-widget_type=\"text-editor.default\">\n\t\t\t\t<div class=\"elementor-widget-container\">\n\t\t\t\t\t\t\t\t\t<p style=\"font-size: 20px;\">SolarMoov und Ecoflow haben sich zusammengeschlossen, um eine Ladel\u00f6sung zu entwickeln, die f\u00fcr alle Situationen geeignet ist.  <\/p>\n<p style=\"font-size: 20px;\">Das neigbare Solarpanel erm\u00f6glicht das Aufladen der Ecoflow River2 Station, die als Pufferbatterie (256Wh) und Laderegler fungiert und die richtige Spannung f\u00fcr alle Ger\u00e4te liefert: eine 220V-Steckdose f\u00fcr den direkten Anschluss des Ladeger\u00e4ts Ihres Elektrofahrrads oder Laptops, USB\/USB C-Steckdosen f\u00fcr Smartphones, Drohnen, Kameras und eine 12V-Steckdose f\u00fcr andere Ger\u00e4te (Mini-K\u00fchlbox, etc.).  <\/p>\n<p style=\"font-size: 20px;\">F\u00fcr eine gro\u00dfe Reise ist es ideal, eine zweite Fahrradbatterie zu haben, die im Anh\u00e4nger geladen wird, w\u00e4hrend Sie fahren. Dies erm\u00f6glicht eine 100%ige Autonomie. Andernfalls k\u00f6nnen Sie w\u00e4hrend der Pausen laden.<\/p>\n\t\t\t\t\t\t\t\t<\/div>\n\t\t\t\t<\/div>\n\t\t\t\t\t<\/div>\n\t\t<\/div>\n\t\t\t\t<div class=\"elementor-column elementor-col-50 elementor-top-column elementor-element elementor-element-2c34479\" data-id=\"2c34479\" data-element_type=\"column\" data-e-type=\"column\" data-settings=\"{&quot;background_background&quot;:&quot;classic&quot;}\">\n\t\t\t<div class=\"elementor-widget-wrap elementor-element-populated\">\n\t\t\t\t\t\t<div class=\"elementor-element elementor-element-8f72a76 elementor-widget elementor-widget-spacer\" data-id=\"8f72a76\" data-element_type=\"widget\" data-e-type=\"widget\" data-widget_type=\"spacer.default\">\n\t\t\t\t<div class=\"elementor-widget-container\">\n\t\t\t\t\t\t\t<div class=\"elementor-spacer\">\n\t\t\t<div class=\"elementor-spacer-inner\"><\/div>\n\t\t<\/div>\n\t\t\t\t\t\t<\/div>\n\t\t\t\t<\/div>\n\t\t\t\t<div class=\"elementor-element elementor-element-2d127a5 elementor-widget elementor-widget-image\" data-id=\"2d127a5\" data-element_type=\"widget\" data-e-type=\"widget\" data-widget_type=\"image.default\">\n\t\t\t\t<div class=\"elementor-widget-container\">\n\t\t\t\t\t\t\t\t\t\t\t\t\t\t\t<img fetchpriority=\"high\" decoding=\"async\" width=\"1224\" height=\"1026\" src=\"https:\/\/solarmoov.com\/wp-content\/uploads\/2024\/01\/Kern_Ecoflow.png\" class=\"attachment-full size-full wp-image-17248\" alt=\"\" srcset=\"https:\/\/solarmoov.com\/wp-content\/uploads\/2024\/01\/Kern_Ecoflow.png 1224w, https:\/\/solarmoov.com\/wp-content\/uploads\/2024\/01\/Kern_Ecoflow-370x310.png 370w, https:\/\/solarmoov.com\/wp-content\/uploads\/2024\/01\/Kern_Ecoflow-670x562.png 670w, https:\/\/solarmoov.com\/wp-content\/uploads\/2024\/01\/Kern_Ecoflow-300x251.png 300w, https:\/\/solarmoov.com\/wp-content\/uploads\/2024\/01\/Kern_Ecoflow-1024x858.png 1024w, https:\/\/solarmoov.com\/wp-content\/uploads\/2024\/01\/Kern_Ecoflow-768x644.png 768w\" sizes=\"(max-width: 1224px) 100vw, 1224px\" \/>\t\t\t\t\t\t\t\t\t\t\t\t\t\t\t<\/div>\n\t\t\t\t<\/div>\n\t\t\t\t\t<\/div>\n\t\t<\/div>\n\t\t\t\t\t<\/div>\n\t\t<\/section>\n\t\t<div class=\"elementor-element elementor-element-3c71643 e-flex e-con-boxed e-con e-parent\" data-id=\"3c71643\" data-element_type=\"container\" data-e-type=\"container\">\n\t\t\t\t\t<div class=\"e-con-inner\">\n\t\t\t\t<div class=\"elementor-element elementor-element-1b8913a elementor-widget elementor-widget-spacer\" data-id=\"1b8913a\" data-element_type=\"widget\" data-e-type=\"widget\" data-widget_type=\"spacer.default\">\n\t\t\t\t<div class=\"elementor-widget-container\">\n\t\t\t\t\t\t\t<div class=\"elementor-spacer\">\n\t\t\t<div class=\"elementor-spacer-inner\"><\/div>\n\t\t<\/div>\n\t\t\t\t\t\t<\/div>\n\t\t\t\t<\/div>\n\t\t\t\t<div class=\"elementor-element elementor-element-1a97afe elementor-widget elementor-widget-heading\" data-id=\"1a97afe\" data-element_type=\"widget\" data-e-type=\"widget\" data-widget_type=\"heading.default\">\n\t\t\t\t<div class=\"elementor-widget-container\">\n\t\t\t\t\t<h2 class=\"elementor-heading-title elementor-size-default\">Perfekte Integration der Station in den Anh\u00e4nger  <\/h2>\t\t\t\t<\/div>\n\t\t\t\t<\/div>\n\t\t\t\t\t<\/div>\n\t\t\t\t<\/div>\n\t\t\t\t<section class=\"elementor-section elementor-top-section elementor-element elementor-element-6817e66 elementor-section-content-middle elementor-section-height-min-height elementor-section-items-stretch elementor-section-boxed elementor-section-height-default\" data-id=\"6817e66\" data-element_type=\"section\" data-e-type=\"section\" data-settings=\"{&quot;background_background&quot;:&quot;classic&quot;}\">\n\t\t\t\t\t\t<div class=\"elementor-container elementor-column-gap-no\">\n\t\t\t\t\t<div class=\"elementor-column elementor-col-50 elementor-top-column elementor-element elementor-element-422e941\" data-id=\"422e941\" data-element_type=\"column\" data-e-type=\"column\" data-settings=\"{&quot;background_background&quot;:&quot;classic&quot;}\">\n\t\t\t<div class=\"elementor-widget-wrap elementor-element-populated\">\n\t\t\t\t\t\t<div class=\"elementor-element elementor-element-d9a4f67 elementor-widget elementor-widget-image\" data-id=\"d9a4f67\" data-element_type=\"widget\" data-e-type=\"widget\" data-widget_type=\"image.default\">\n\t\t\t\t<div class=\"elementor-widget-container\">\n\t\t\t\t\t\t\t\t\t\t\t\t\t\t\t<img decoding=\"async\" width=\"1442\" height=\"956\" src=\"https:\/\/solarmoov.com\/wp-content\/uploads\/2024\/01\/Image2.webp\" class=\"attachment-full size-full wp-image-17249\" alt=\"\" srcset=\"https:\/\/solarmoov.com\/wp-content\/uploads\/2024\/01\/Image2.webp 1442w, https:\/\/solarmoov.com\/wp-content\/uploads\/2024\/01\/Image2-370x245.webp 370w, https:\/\/solarmoov.com\/wp-content\/uploads\/2024\/01\/Image2-670x444.webp 670w, https:\/\/solarmoov.com\/wp-content\/uploads\/2024\/01\/Image2-300x199.webp 300w, https:\/\/solarmoov.com\/wp-content\/uploads\/2024\/01\/Image2-1024x679.webp 1024w, https:\/\/solarmoov.com\/wp-content\/uploads\/2024\/01\/Image2-768x509.webp 768w, https:\/\/solarmoov.com\/wp-content\/uploads\/2024\/01\/Image2-600x398.webp 600w\" sizes=\"(max-width: 1442px) 100vw, 1442px\" \/>\t\t\t\t\t\t\t\t\t\t\t\t\t\t\t<\/div>\n\t\t\t\t<\/div>\n\t\t\t\t\t<\/div>\n\t\t<\/div>\n\t\t\t\t<div class=\"elementor-column elementor-col-50 elementor-top-column elementor-element elementor-element-8456024\" data-id=\"8456024\" data-element_type=\"column\" data-e-type=\"column\">\n\t\t\t<div class=\"elementor-widget-wrap elementor-element-populated\">\n\t\t\t\t\t\t<div class=\"elementor-element elementor-element-d2b72b5 elementor-widget elementor-widget-spacer\" data-id=\"d2b72b5\" data-element_type=\"widget\" data-e-type=\"widget\" data-widget_type=\"spacer.default\">\n\t\t\t\t<div class=\"elementor-widget-container\">\n\t\t\t\t\t\t\t<div class=\"elementor-spacer\">\n\t\t\t<div class=\"elementor-spacer-inner\"><\/div>\n\t\t<\/div>\n\t\t\t\t\t\t<\/div>\n\t\t\t\t<\/div>\n\t\t\t\t<div class=\"elementor-element elementor-element-9fd6c76 elementor-widget elementor-widget-text-editor\" data-id=\"9fd6c76\" data-element_type=\"widget\" data-e-type=\"widget\" data-widget_type=\"text-editor.default\">\n\t\t\t\t<div class=\"elementor-widget-container\">\n\t\t\t\t\t\t\t\t\t<p style=\"font-size: 20px;\">Mit dem Befestigungskit ist die Ecoflow River2 Station perfekt mit dem Anh\u00e4nger verbunden, da der Aluminiumrahmen mit dem Rumpf des Anh\u00e4ngers verschraubt ist und in die F\u00fc\u00dfe der Station passt. Anschlie\u00dfend wird sie mit einem Klettbandsystem gesichert.<\/p>\n<p style=\"font-size: 20px;\">Ein Kabelsystem (extern: XLR am Anh\u00e4nger und Anderson am Schild \/ intern: XT60 ) erm\u00f6glicht eine einfache und wasserdichte Verbindung zwischen der Station und dem Schild. Das abgewinkelte Au\u00dfenkabel ist leicht abnehmbar, so dass Sie das Panel leicht entfernen k\u00f6nnen.  <\/p>\n<p style=\"font-size: 20px;\">Da der Anh\u00e4nger abschlie\u00dfbar ist, sind die Station und die geladenen Ger\u00e4te vor Diebstahl und Witterungseinfl\u00fcssen gesch\u00fctzt.  <\/p>\n\t\t\t\t\t\t\t\t<\/div>\n\t\t\t\t<\/div>\n\t\t\t\t\t<\/div>\n\t\t<\/div>\n\t\t\t\t\t<\/div>\n\t\t<\/section>\n\t\t<div class=\"elementor-element elementor-element-b6bd63f e-flex e-con-boxed e-con e-parent\" data-id=\"b6bd63f\" data-element_type=\"container\" data-e-type=\"container\">\n\t\t\t\t\t<div class=\"e-con-inner\">\n\t\t\t\t<div class=\"elementor-element elementor-element-4da18e2 elementor-align-center elementor-widget-tablet__width-initial elementor-widget elementor-widget-button\" data-id=\"4da18e2\" data-element_type=\"widget\" data-e-type=\"widget\" data-widget_type=\"button.default\">\n\t\t\t\t<div class=\"elementor-widget-container\">\n\t\t\t\t\t\t\t\t\t<div class=\"elementor-button-wrapper\">\n\t\t\t\t\t<a class=\"elementor-button elementor-button-link elementor-size-lg\" href=\"https:\/\/fr.ecoflow.com\/products\/river-2-portable-power-station\" target=\"_blank\">\n\t\t\t\t\t\t<span class=\"elementor-button-content-wrapper\">\n\t\t\t\t\t\t\t\t\t<span class=\"elementor-button-text\">Siehe River2 Station auf der Ecoflow-Website<\/span>\n\t\t\t\t\t<\/span>\n\t\t\t\t\t<\/a>\n\t\t\t\t<\/div>\n\t\t\t\t\t\t\t\t<\/div>\n\t\t\t\t<\/div>\n\t\t\t\t<div class=\"elementor-element elementor-element-df33d8d elementor-align-center elementor-widget-tablet__width-initial elementor-widget elementor-widget-button\" data-id=\"df33d8d\" data-element_type=\"widget\" data-e-type=\"widget\" data-widget_type=\"button.default\">\n\t\t\t\t<div class=\"elementor-widget-container\">\n\t\t\t\t\t\t\t\t\t<div class=\"elementor-button-wrapper\">\n\t\t\t\t\t<a class=\"elementor-button elementor-button-link elementor-size-lg\" href=\"\/product\/kit-kern-ecoflow\" target=\"_blank\">\n\t\t\t\t\t\t<span class=\"elementor-button-content-wrapper\">\n\t\t\t\t\t\t\t\t\t<span class=\"elementor-button-text\">Bestellen Sie das Kern-Ecoflow Kit<\/span>\n\t\t\t\t\t<\/span>\n\t\t\t\t\t<\/a>\n\t\t\t\t<\/div>\n\t\t\t\t\t\t\t\t<\/div>\n\t\t\t\t<\/div>\n\t\t\t\t\t<\/div>\n\t\t\t\t<\/div>\n\t\t\t\t<\/div>\n\t\t","protected":false},"excerpt":{"rendered":"<p>Kern &amp; Ecoflow Die ultimative L\u00f6sung zum Aufladen all Ihrer Ger\u00e4te Das Kombiinstrument, um alles unbegrenzt aufzuladen SolarMoov und Ecoflow haben sich zusammengeschlossen, um eine Ladel\u00f6sung zu entwickeln, die f\u00fcr alle Situationen geeignet ist. Das neigbare Solarpanel erm\u00f6glicht das Aufladen der Ecoflow River2 Station, die als Pufferbatterie (256Wh) und Laderegler fungiert und die richtige Spannung [&hellip;]<\/p>\n","protected":false},"author":5,"featured_media":0,"parent":0,"menu_order":0,"comment_status":"closed","ping_status":"closed","template":"elementor_header_footer","meta":{"footnotes":""},"class_list":["post-17243","page","type-page","status-publish","hentry"],"yoast_head":"<!-- This site is optimized with the Yoast SEO plugin v27.3 - https:\/\/yoast.com\/product\/yoast-seo-wordpress\/ -->\n<title>Kern &amp; Ecoflow - SolarMoov<\/title>\n<meta name=\"description\" content=\"SolarMoov entwickelt und vermarktet originelle L\u00f6sungen f\u00fcr sanfte Mobilit\u00e4t, darunter auch Solarl\u00f6sungen.\" \/>\n<meta name=\"robots\" content=\"index, follow, max-snippet:-1, max-image-preview:large, max-video-preview:-1\" \/>\n<link rel=\"canonical\" href=\"https:\/\/solarmoov.com\/de\/kern-ecoflow\" \/>\n<meta property=\"og:locale\" content=\"de_DE\" \/>\n<meta property=\"og:type\" content=\"article\" \/>\n<meta property=\"og:title\" content=\"Kern &amp; Ecoflow - SolarMoov\" \/>\n<meta property=\"og:description\" content=\"SolarMoov entwickelt und vermarktet originelle L\u00f6sungen f\u00fcr sanfte Mobilit\u00e4t, darunter auch Solarl\u00f6sungen.\" \/>\n<meta property=\"og:url\" content=\"https:\/\/solarmoov.com\/de\/kern-ecoflow\" \/>\n<meta property=\"og:site_name\" content=\"SolarMoov\" \/>\n<meta property=\"article:publisher\" content=\"https:\/\/www.facebook.com\/Solarmoov\" \/>\n<meta property=\"article:modified_time\" content=\"2024-06-28T06:07:59+00:00\" \/>\n<meta property=\"og:image\" content=\"https:\/\/solarmoov.com\/wp-content\/uploads\/2024\/01\/Kern_Ecoflow.png\" \/>\n<meta name=\"twitter:card\" content=\"summary_large_image\" \/>\n<meta name=\"twitter:label1\" content=\"Gesch\u00e4tzte Lesezeit\" \/>\n\t<meta name=\"twitter:data1\" content=\"1\u00a0Minute\" \/>\n<script type=\"application\/ld+json\" class=\"yoast-schema-graph\">{\"@context\":\"https:\\\/\\\/schema.org\",\"@graph\":[{\"@type\":\"WebPage\",\"@id\":\"https:\\\/\\\/solarmoov.com\\\/de\\\/kern-ecoflow\",\"url\":\"https:\\\/\\\/solarmoov.com\\\/de\\\/kern-ecoflow\",\"name\":\"Kern &amp; Ecoflow - SolarMoov\",\"isPartOf\":{\"@id\":\"https:\\\/\\\/solarmoov.com\\\/de#website\"},\"primaryImageOfPage\":{\"@id\":\"https:\\\/\\\/solarmoov.com\\\/de\\\/kern-ecoflow#primaryimage\"},\"image\":{\"@id\":\"https:\\\/\\\/solarmoov.com\\\/de\\\/kern-ecoflow#primaryimage\"},\"thumbnailUrl\":\"https:\\\/\\\/solarmoov.com\\\/wp-content\\\/uploads\\\/2024\\\/01\\\/Kern_Ecoflow.png\",\"datePublished\":\"2024-01-24T18:04:58+00:00\",\"dateModified\":\"2024-06-28T06:07:59+00:00\",\"description\":\"SolarMoov entwickelt und vermarktet originelle L\u00f6sungen f\u00fcr sanfte Mobilit\u00e4t, darunter auch Solarl\u00f6sungen.\",\"breadcrumb\":{\"@id\":\"https:\\\/\\\/solarmoov.com\\\/de\\\/kern-ecoflow#breadcrumb\"},\"inLanguage\":\"de\",\"potentialAction\":[{\"@type\":\"ReadAction\",\"target\":[\"https:\\\/\\\/solarmoov.com\\\/de\\\/kern-ecoflow\"]}]},{\"@type\":\"ImageObject\",\"inLanguage\":\"de\",\"@id\":\"https:\\\/\\\/solarmoov.com\\\/de\\\/kern-ecoflow#primaryimage\",\"url\":\"https:\\\/\\\/solarmoov.com\\\/wp-content\\\/uploads\\\/2024\\\/01\\\/Kern_Ecoflow.png\",\"contentUrl\":\"https:\\\/\\\/solarmoov.com\\\/wp-content\\\/uploads\\\/2024\\\/01\\\/Kern_Ecoflow.png\"},{\"@type\":\"BreadcrumbList\",\"@id\":\"https:\\\/\\\/solarmoov.com\\\/de\\\/kern-ecoflow#breadcrumb\",\"itemListElement\":[{\"@type\":\"ListItem\",\"position\":1,\"name\":\"Accueil\",\"item\":\"https:\\\/\\\/solarmoov.com\\\/de\\\/startseite\"},{\"@type\":\"ListItem\",\"position\":2,\"name\":\"Kern &amp; Ecoflow\"}]},{\"@type\":\"WebSite\",\"@id\":\"https:\\\/\\\/solarmoov.com\\\/de#website\",\"url\":\"https:\\\/\\\/solarmoov.com\\\/de\",\"name\":\"SolarMoov\",\"description\":\"Remorques pour v\u00e9los et cycles\",\"publisher\":{\"@id\":\"https:\\\/\\\/solarmoov.com\\\/de#organization\"},\"potentialAction\":[{\"@type\":\"SearchAction\",\"target\":{\"@type\":\"EntryPoint\",\"urlTemplate\":\"https:\\\/\\\/solarmoov.com\\\/de?s={search_term_string}\"},\"query-input\":{\"@type\":\"PropertyValueSpecification\",\"valueRequired\":true,\"valueName\":\"search_term_string\"}}],\"inLanguage\":\"de\"},{\"@type\":\"Organization\",\"@id\":\"https:\\\/\\\/solarmoov.com\\\/de#organization\",\"name\":\"SolarMoov\",\"url\":\"https:\\\/\\\/solarmoov.com\\\/de\",\"logo\":{\"@type\":\"ImageObject\",\"inLanguage\":\"de\",\"@id\":\"https:\\\/\\\/solarmoov.com\\\/de#\\\/schema\\\/logo\\\/image\\\/\",\"url\":\"https:\\\/\\\/solarmoov.com\\\/wp-content\\\/uploads\\\/2023\\\/05\\\/cropped-SIGNATURE-MAIL_icone-jaune-fond-vert.png\",\"contentUrl\":\"https:\\\/\\\/solarmoov.com\\\/wp-content\\\/uploads\\\/2023\\\/05\\\/cropped-SIGNATURE-MAIL_icone-jaune-fond-vert.png\",\"width\":512,\"height\":512,\"caption\":\"SolarMoov\"},\"image\":{\"@id\":\"https:\\\/\\\/solarmoov.com\\\/de#\\\/schema\\\/logo\\\/image\\\/\"},\"sameAs\":[\"https:\\\/\\\/www.facebook.com\\\/Solarmoov\",\"https:\\\/\\\/www.linkedin.com\\\/company\\\/86362551\"]}]}<\/script>\n<!-- \/ Yoast SEO plugin. -->","yoast_head_json":{"title":"Kern &amp; Ecoflow - SolarMoov","description":"SolarMoov entwickelt und vermarktet originelle L\u00f6sungen f\u00fcr sanfte Mobilit\u00e4t, darunter auch Solarl\u00f6sungen.","robots":{"index":"index","follow":"follow","max-snippet":"max-snippet:-1","max-image-preview":"max-image-preview:large","max-video-preview":"max-video-preview:-1"},"canonical":"https:\/\/solarmoov.com\/de\/kern-ecoflow","og_locale":"de_DE","og_type":"article","og_title":"Kern &amp; Ecoflow - SolarMoov","og_description":"SolarMoov entwickelt und vermarktet originelle L\u00f6sungen f\u00fcr sanfte Mobilit\u00e4t, darunter auch Solarl\u00f6sungen.","og_url":"https:\/\/solarmoov.com\/de\/kern-ecoflow","og_site_name":"SolarMoov","article_publisher":"https:\/\/www.facebook.com\/Solarmoov","article_modified_time":"2024-06-28T06:07:59+00:00","og_image":[{"url":"https:\/\/solarmoov.com\/wp-content\/uploads\/2024\/01\/Kern_Ecoflow.png","type":"","width":"","height":""}],"twitter_card":"summary_large_image","twitter_misc":{"Gesch\u00e4tzte Lesezeit":"1\u00a0Minute"},"schema":{"@context":"https:\/\/schema.org","@graph":[{"@type":"WebPage","@id":"https:\/\/solarmoov.com\/de\/kern-ecoflow","url":"https:\/\/solarmoov.com\/de\/kern-ecoflow","name":"Kern &amp; Ecoflow - SolarMoov","isPartOf":{"@id":"https:\/\/solarmoov.com\/de#website"},"primaryImageOfPage":{"@id":"https:\/\/solarmoov.com\/de\/kern-ecoflow#primaryimage"},"image":{"@id":"https:\/\/solarmoov.com\/de\/kern-ecoflow#primaryimage"},"thumbnailUrl":"https:\/\/solarmoov.com\/wp-content\/uploads\/2024\/01\/Kern_Ecoflow.png","datePublished":"2024-01-24T18:04:58+00:00","dateModified":"2024-06-28T06:07:59+00:00","description":"SolarMoov entwickelt und vermarktet originelle L\u00f6sungen f\u00fcr sanfte Mobilit\u00e4t, darunter auch Solarl\u00f6sungen.","breadcrumb":{"@id":"https:\/\/solarmoov.com\/de\/kern-ecoflow#breadcrumb"},"inLanguage":"de","potentialAction":[{"@type":"ReadAction","target":["https:\/\/solarmoov.com\/de\/kern-ecoflow"]}]},{"@type":"ImageObject","inLanguage":"de","@id":"https:\/\/solarmoov.com\/de\/kern-ecoflow#primaryimage","url":"https:\/\/solarmoov.com\/wp-content\/uploads\/2024\/01\/Kern_Ecoflow.png","contentUrl":"https:\/\/solarmoov.com\/wp-content\/uploads\/2024\/01\/Kern_Ecoflow.png"},{"@type":"BreadcrumbList","@id":"https:\/\/solarmoov.com\/de\/kern-ecoflow#breadcrumb","itemListElement":[{"@type":"ListItem","position":1,"name":"Accueil","item":"https:\/\/solarmoov.com\/de\/startseite"},{"@type":"ListItem","position":2,"name":"Kern &amp; Ecoflow"}]},{"@type":"WebSite","@id":"https:\/\/solarmoov.com\/de#website","url":"https:\/\/solarmoov.com\/de","name":"SolarMoov","description":"Remorques pour v\u00e9los et cycles","publisher":{"@id":"https:\/\/solarmoov.com\/de#organization"},"potentialAction":[{"@type":"SearchAction","target":{"@type":"EntryPoint","urlTemplate":"https:\/\/solarmoov.com\/de?s={search_term_string}"},"query-input":{"@type":"PropertyValueSpecification","valueRequired":true,"valueName":"search_term_string"}}],"inLanguage":"de"},{"@type":"Organization","@id":"https:\/\/solarmoov.com\/de#organization","name":"SolarMoov","url":"https:\/\/solarmoov.com\/de","logo":{"@type":"ImageObject","inLanguage":"de","@id":"https:\/\/solarmoov.com\/de#\/schema\/logo\/image\/","url":"https:\/\/solarmoov.com\/wp-content\/uploads\/2023\/05\/cropped-SIGNATURE-MAIL_icone-jaune-fond-vert.png","contentUrl":"https:\/\/solarmoov.com\/wp-content\/uploads\/2023\/05\/cropped-SIGNATURE-MAIL_icone-jaune-fond-vert.png","width":512,"height":512,"caption":"SolarMoov"},"image":{"@id":"https:\/\/solarmoov.com\/de#\/schema\/logo\/image\/"},"sameAs":["https:\/\/www.facebook.com\/Solarmoov","https:\/\/www.linkedin.com\/company\/86362551"]}]}},"_links":{"self":[{"href":"https:\/\/solarmoov.com\/de\/wp-json\/wp\/v2\/pages\/17243","targetHints":{"allow":["GET"]}}],"collection":[{"href":"https:\/\/solarmoov.com\/de\/wp-json\/wp\/v2\/pages"}],"about":[{"href":"https:\/\/solarmoov.com\/de\/wp-json\/wp\/v2\/types\/page"}],"author":[{"embeddable":true,"href":"https:\/\/solarmoov.com\/de\/wp-json\/wp\/v2\/users\/5"}],"replies":[{"embeddable":true,"href":"https:\/\/solarmoov.com\/de\/wp-json\/wp\/v2\/comments?post=17243"}],"version-history":[{"count":4,"href":"https:\/\/solarmoov.com\/de\/wp-json\/wp\/v2\/pages\/17243\/revisions"}],"predecessor-version":[{"id":17418,"href":"https:\/\/solarmoov.com\/de\/wp-json\/wp\/v2\/pages\/17243\/revisions\/17418"}],"wp:attachment":[{"href":"https:\/\/solarmoov.com\/de\/wp-json\/wp\/v2\/media?parent=17243"}],"curies":[{"name":"wp","href":"https:\/\/api.w.org\/{rel}","templated":true}]}}