{"id":17298,"date":"2023-07-10T07:46:29","date_gmt":"2023-07-10T07:46:29","guid":{"rendered":"https:\/\/solarmoov.com\/wer-sind-wir"},"modified":"2024-06-27T17:02:05","modified_gmt":"2024-06-27T17:02:05","slug":"wer-sind-wir","status":"publish","type":"page","link":"https:\/\/solarmoov.com\/de\/wer-sind-wir","title":{"rendered":"WER SIND WIR?"},"content":{"rendered":"\t\t<div data-elementor-type=\"wp-page\" data-elementor-id=\"17298\" class=\"elementor elementor-17298 elementor-14607\" data-elementor-post-type=\"page\">\n\t\t\t\t\t\t<section class=\"elementor-section elementor-top-section elementor-element elementor-element-fc98329 elementor-section-full_width elementor-section-height-min-height elementor-section-items-stretch elementor-section-height-default\" data-id=\"fc98329\" data-element_type=\"section\" data-e-type=\"section\" data-settings=\"{&quot;background_background&quot;:&quot;classic&quot;}\">\n\t\t\t\t\t\t<div class=\"elementor-container elementor-column-gap-no\">\n\t\t\t\t\t<div class=\"elementor-column elementor-col-100 elementor-top-column elementor-element elementor-element-bee57b9\" data-id=\"bee57b9\" data-element_type=\"column\" data-e-type=\"column\" data-settings=\"{&quot;background_background&quot;:&quot;classic&quot;}\">\n\t\t\t<div class=\"elementor-widget-wrap elementor-element-populated\">\n\t\t\t\t\t<div class=\"elementor-background-overlay\"><\/div>\n\t\t\t\t\t\t<div class=\"elementor-element elementor-element-6ac2037 elementor-widget elementor-widget-heading\" data-id=\"6ac2037\" data-element_type=\"widget\" data-e-type=\"widget\" data-widget_type=\"heading.default\">\n\t\t\t\t<div class=\"elementor-widget-container\">\n\t\t\t\t\t<h2 class=\"elementor-heading-title elementor-size-default\">\u00dcBER UNS<\/h2>\t\t\t\t<\/div>\n\t\t\t\t<\/div>\n\t\t\t\t\t<\/div>\n\t\t<\/div>\n\t\t\t\t\t<\/div>\n\t\t<\/section>\n\t\t\t\t<section class=\"elementor-section elementor-top-section elementor-element elementor-element-e0ffbac elementor-section-full_width elementor-section-content-middle elementor-section-height-min-height elementor-section-items-stretch elementor-section-height-default\" data-id=\"e0ffbac\" data-element_type=\"section\" data-e-type=\"section\" data-settings=\"{&quot;background_background&quot;:&quot;classic&quot;}\">\n\t\t\t\t\t\t<div class=\"elementor-container elementor-column-gap-no\">\n\t\t\t\t\t<div class=\"elementor-column elementor-col-50 elementor-top-column elementor-element elementor-element-2c34479\" data-id=\"2c34479\" data-element_type=\"column\" data-e-type=\"column\" data-settings=\"{&quot;background_background&quot;:&quot;classic&quot;}\">\n\t\t\t<div class=\"elementor-widget-wrap elementor-element-populated\">\n\t\t\t\t\t\t<div class=\"elementor-element elementor-element-0c53f3f elementor-widget elementor-widget-heading\" data-id=\"0c53f3f\" data-element_type=\"widget\" data-e-type=\"widget\" data-widget_type=\"heading.default\">\n\t\t\t\t<div class=\"elementor-widget-container\">\n\t\t\t\t\t<h2 class=\"elementor-heading-title elementor-size-default\">Partner<\/h2>\t\t\t\t<\/div>\n\t\t\t\t<\/div>\n\t\t\t\t<section class=\"elementor-section elementor-inner-section elementor-element elementor-element-3d44687 elementor-section-boxed elementor-section-height-default elementor-section-height-default\" data-id=\"3d44687\" data-element_type=\"section\" data-e-type=\"section\">\n\t\t\t\t\t\t<div class=\"elementor-container elementor-column-gap-default\">\n\t\t\t\t\t<div class=\"elementor-column elementor-col-50 elementor-inner-column elementor-element elementor-element-51385f0\" data-id=\"51385f0\" data-element_type=\"column\" data-e-type=\"column\">\n\t\t\t<div class=\"elementor-widget-wrap elementor-element-populated\">\n\t\t\t\t\t\t<div class=\"elementor-element elementor-element-aa91325 elementor-widget elementor-widget-image\" data-id=\"aa91325\" data-element_type=\"widget\" data-e-type=\"widget\" data-widget_type=\"image.default\">\n\t\t\t\t<div class=\"elementor-widget-container\">\n\t\t\t\t\t\t\t\t\t\t\t\t<figure class=\"wp-caption\">\n\t\t\t\t\t\t\t\t\t\t<img fetchpriority=\"high\" decoding=\"async\" width=\"583\" height=\"732\" src=\"https:\/\/solarmoov.com\/wp-content\/uploads\/2023\/11\/photo-Jean-marc-Queau.webp\" class=\"attachment-full size-full wp-image-17302\" alt=\"\" srcset=\"https:\/\/solarmoov.com\/wp-content\/uploads\/2023\/11\/photo-Jean-marc-Queau.webp 583w, https:\/\/solarmoov.com\/wp-content\/uploads\/2023\/11\/photo-Jean-marc-Queau-370x465.webp 370w, https:\/\/solarmoov.com\/wp-content\/uploads\/2023\/11\/photo-Jean-marc-Queau-239x300.webp 239w\" sizes=\"(max-width: 583px) 100vw, 583px\" \/>\t\t\t\t\t\t\t\t\t\t\t<figcaption class=\"widget-image-caption wp-caption-text\">JEAN-MARC<\/figcaption>\n\t\t\t\t\t\t\t\t\t\t<\/figure>\n\t\t\t\t\t\t\t\t\t<\/div>\n\t\t\t\t<\/div>\n\t\t\t\t\t<\/div>\n\t\t<\/div>\n\t\t\t\t<div class=\"elementor-column elementor-col-50 elementor-inner-column elementor-element elementor-element-b78f2cc\" data-id=\"b78f2cc\" data-element_type=\"column\" data-e-type=\"column\">\n\t\t\t<div class=\"elementor-widget-wrap elementor-element-populated\">\n\t\t\t\t\t\t<div class=\"elementor-element elementor-element-6a7fde0 elementor-widget elementor-widget-image\" data-id=\"6a7fde0\" data-element_type=\"widget\" data-e-type=\"widget\" data-widget_type=\"image.default\">\n\t\t\t\t<div class=\"elementor-widget-container\">\n\t\t\t\t\t\t\t\t\t\t\t\t<figure class=\"wp-caption\">\n\t\t\t\t\t\t\t\t\t\t<img decoding=\"async\" width=\"583\" height=\"732\" src=\"https:\/\/solarmoov.com\/wp-content\/uploads\/2023\/11\/photo-Guillaume.webp\" class=\"attachment-full size-full wp-image-17301\" alt=\"\" srcset=\"https:\/\/solarmoov.com\/wp-content\/uploads\/2023\/11\/photo-Guillaume.webp 583w, https:\/\/solarmoov.com\/wp-content\/uploads\/2023\/11\/photo-Guillaume-370x465.webp 370w, https:\/\/solarmoov.com\/wp-content\/uploads\/2023\/11\/photo-Guillaume-239x300.webp 239w\" sizes=\"(max-width: 583px) 100vw, 583px\" \/>\t\t\t\t\t\t\t\t\t\t\t<figcaption class=\"widget-image-caption wp-caption-text\">GUILLAUME<\/figcaption>\n\t\t\t\t\t\t\t\t\t\t<\/figure>\n\t\t\t\t\t\t\t\t\t<\/div>\n\t\t\t\t<\/div>\n\t\t\t\t\t<\/div>\n\t\t<\/div>\n\t\t\t\t\t<\/div>\n\t\t<\/section>\n\t\t\t\t\t<\/div>\n\t\t<\/div>\n\t\t\t\t<div class=\"elementor-column elementor-col-50 elementor-top-column elementor-element elementor-element-db83c03\" data-id=\"db83c03\" data-element_type=\"column\" data-e-type=\"column\" data-settings=\"{&quot;background_background&quot;:&quot;classic&quot;}\">\n\t\t\t<div class=\"elementor-widget-wrap elementor-element-populated\">\n\t\t\t\t\t\t<div class=\"elementor-element elementor-element-ee33012 elementor-widget elementor-widget-text-editor\" data-id=\"ee33012\" data-element_type=\"widget\" data-e-type=\"widget\" data-widget_type=\"text-editor.default\">\n\t\t\t\t<div class=\"elementor-widget-container\">\n\t\t\t\t\t\t\t\t\t<p style=\"font-size: 20px;\">SolarMoov entwirft, baut und vermarktet originelle L\u00f6sungen f\u00fcr sanfte Mobilit\u00e4t. Es ist insbesondere das erste Unternehmen in Frankreich und anderswo, das Solaranh\u00e4nger f\u00fcr Fahrr\u00e4der mit Elektrounterst\u00fctzung vermarktet hat, mit denen das Fahrrad aufgeladen werden kann, so dass man lange Strecken fahren kann, ohne am Stromnetz aufladen zu m\u00fcssen.<\/p>\n<p style=\"font-size: 20px;\">Unsere Produkte werden in Frankreich hergestellt und sind aus hochwertigen Materialien gefertigt, die f\u00fcr gro\u00dfe Wanderungen oder intensiven t\u00e4glichen Gebrauch erforderlich sind.<\/p>\n\t\t\t\t\t\t\t\t<\/div>\n\t\t\t\t<\/div>\n\t\t\t\t\t<\/div>\n\t\t<\/div>\n\t\t\t\t\t<\/div>\n\t\t<\/section>\n\t\t\t\t<section class=\"elementor-section elementor-top-section elementor-element elementor-element-d7a8da7 elementor-section-full_width elementor-section-height-default elementor-section-height-default\" data-id=\"d7a8da7\" data-element_type=\"section\" data-e-type=\"section\" data-settings=\"{&quot;background_background&quot;:&quot;classic&quot;}\">\n\t\t\t\t\t\t<div class=\"elementor-container elementor-column-gap-no\">\n\t\t\t\t\t<div class=\"elementor-column elementor-col-100 elementor-top-column elementor-element elementor-element-4891314\" data-id=\"4891314\" data-element_type=\"column\" data-e-type=\"column\" data-settings=\"{&quot;background_background&quot;:&quot;classic&quot;}\">\n\t\t\t<div class=\"elementor-widget-wrap elementor-element-populated\">\n\t\t\t\t\t\t<div class=\"elementor-element elementor-element-cecceaa elementor-widget elementor-widget-heading\" data-id=\"cecceaa\" data-element_type=\"widget\" data-e-type=\"widget\" data-widget_type=\"heading.default\">\n\t\t\t\t<div class=\"elementor-widget-container\">\n\t\t\t\t\t<h3 class=\"elementor-heading-title elementor-size-default\">UNSERE WERTE<\/h3>\t\t\t\t<\/div>\n\t\t\t\t<\/div>\n\t\t\t\t<div class=\"elementor-element elementor-element-61a385c elementor-widget elementor-widget-spacer\" data-id=\"61a385c\" data-element_type=\"widget\" data-e-type=\"widget\" data-widget_type=\"spacer.default\">\n\t\t\t\t<div class=\"elementor-widget-container\">\n\t\t\t\t\t\t\t<div class=\"elementor-spacer\">\n\t\t\t<div class=\"elementor-spacer-inner\"><\/div>\n\t\t<\/div>\n\t\t\t\t\t\t<\/div>\n\t\t\t\t<\/div>\n\t\t\t\t<section class=\"elementor-section elementor-inner-section elementor-element elementor-element-7914eba elementor-section-boxed elementor-section-height-default elementor-section-height-default\" data-id=\"7914eba\" data-element_type=\"section\" data-e-type=\"section\">\n\t\t\t\t\t\t<div class=\"elementor-container elementor-column-gap-extended\">\n\t\t\t\t\t<div class=\"elementor-column elementor-col-33 elementor-inner-column elementor-element elementor-element-41dfb8b\" data-id=\"41dfb8b\" data-element_type=\"column\" data-e-type=\"column\">\n\t\t\t<div class=\"elementor-widget-wrap elementor-element-populated\">\n\t\t\t\t\t\t<div class=\"elementor-element elementor-element-6655034 elementor-position-top elementor-widget elementor-widget-image-box\" data-id=\"6655034\" data-element_type=\"widget\" data-e-type=\"widget\" data-widget_type=\"image-box.default\">\n\t\t\t\t<div class=\"elementor-widget-container\">\n\t\t\t\t\t<div class=\"elementor-image-box-wrapper\"><figure class=\"elementor-image-box-img\"><img decoding=\"async\" width=\"314\" height=\"314\" src=\"https:\/\/solarmoov.com\/wp-content\/uploads\/2022\/05\/pictos-solarmoov_Engagement.png\" class=\"attachment-full size-full wp-image-12847\" alt=\"\" srcset=\"https:\/\/solarmoov.com\/wp-content\/uploads\/2022\/05\/pictos-solarmoov_Engagement.png 314w, https:\/\/solarmoov.com\/wp-content\/uploads\/2022\/05\/pictos-solarmoov_Engagement-100x100.png 100w, https:\/\/solarmoov.com\/wp-content\/uploads\/2022\/05\/pictos-solarmoov_Engagement-300x300.png 300w, https:\/\/solarmoov.com\/wp-content\/uploads\/2022\/05\/pictos-solarmoov_Engagement-150x150.png 150w\" sizes=\"(max-width: 314px) 100vw, 314px\" \/><\/figure><div class=\"elementor-image-box-content\"><h3 class=\"elementor-image-box-title\">Verpflichtung<\/h3><p class=\"elementor-image-box-description\">Wir machen diesen Job aus Leidenschaft f\u00fcr Entdeckungen und gro\u00dfe Reisen, also sind wir unsere ersten Kunden! Neben der Entwicklung und dem Verkauf von innovativen L\u00f6sungen ist es unsere Motivation, unseren Kunden zu helfen, ihre Tr\u00e4ume von der Erforschung der Welt zu verwirklichen.<\/p><\/div><\/div>\t\t\t\t<\/div>\n\t\t\t\t<\/div>\n\t\t\t\t\t<\/div>\n\t\t<\/div>\n\t\t\t\t<div class=\"elementor-column elementor-col-33 elementor-inner-column elementor-element elementor-element-cb5dadb\" data-id=\"cb5dadb\" data-element_type=\"column\" data-e-type=\"column\">\n\t\t\t<div class=\"elementor-widget-wrap elementor-element-populated\">\n\t\t\t\t\t\t<div class=\"elementor-element elementor-element-defd6d7 elementor-position-top elementor-widget elementor-widget-image-box\" data-id=\"defd6d7\" data-element_type=\"widget\" data-e-type=\"widget\" data-widget_type=\"image-box.default\">\n\t\t\t\t<div class=\"elementor-widget-container\">\n\t\t\t\t\t<div class=\"elementor-image-box-wrapper\"><figure class=\"elementor-image-box-img\"><img loading=\"lazy\" decoding=\"async\" width=\"314\" height=\"314\" src=\"https:\/\/solarmoov.com\/wp-content\/uploads\/2022\/05\/pictos-solarmoov_Exigence.png\" class=\"attachment-full size-full wp-image-12848\" alt=\"\" srcset=\"https:\/\/solarmoov.com\/wp-content\/uploads\/2022\/05\/pictos-solarmoov_Exigence.png 314w, https:\/\/solarmoov.com\/wp-content\/uploads\/2022\/05\/pictos-solarmoov_Exigence-100x100.png 100w, https:\/\/solarmoov.com\/wp-content\/uploads\/2022\/05\/pictos-solarmoov_Exigence-300x300.png 300w, https:\/\/solarmoov.com\/wp-content\/uploads\/2022\/05\/pictos-solarmoov_Exigence-150x150.png 150w\" sizes=\"(max-width: 314px) 100vw, 314px\" \/><\/figure><div class=\"elementor-image-box-content\"><h3 class=\"elementor-image-box-title\">Anforderung<\/h3><p class=\"elementor-image-box-description\">Keine Zeit f\u00fcr Fehler... Abenteurer als Kunden zu haben, die die Welt an den entlegensten Orten der Erde bereisen, verpflichtet uns, eine tadellose Qualit\u00e4t unserer Produkte und Dienstleistungen anzubieten. Wir sind gezwungen, langlebige Produkte zu bauen!<\/p><\/div><\/div>\t\t\t\t<\/div>\n\t\t\t\t<\/div>\n\t\t\t\t\t<\/div>\n\t\t<\/div>\n\t\t\t\t<div class=\"elementor-column elementor-col-33 elementor-inner-column elementor-element elementor-element-6537830\" data-id=\"6537830\" data-element_type=\"column\" data-e-type=\"column\">\n\t\t\t<div class=\"elementor-widget-wrap elementor-element-populated\">\n\t\t\t\t\t\t<div class=\"elementor-element elementor-element-5057297 elementor-position-top elementor-widget elementor-widget-image-box\" data-id=\"5057297\" data-element_type=\"widget\" data-e-type=\"widget\" data-widget_type=\"image-box.default\">\n\t\t\t\t<div class=\"elementor-widget-container\">\n\t\t\t\t\t<div class=\"elementor-image-box-wrapper\"><figure class=\"elementor-image-box-img\"><img loading=\"lazy\" decoding=\"async\" width=\"313\" height=\"313\" src=\"https:\/\/solarmoov.com\/wp-content\/uploads\/2022\/05\/pictos-solarmoov_Authenticite\u0301.png\" class=\"attachment-full size-full wp-image-12849\" alt=\"\" srcset=\"https:\/\/solarmoov.com\/wp-content\/uploads\/2022\/05\/pictos-solarmoov_Authenticite\u0301.png 313w, https:\/\/solarmoov.com\/wp-content\/uploads\/2022\/05\/pictos-solarmoov_Authenticite\u0301-100x100.png 100w, https:\/\/solarmoov.com\/wp-content\/uploads\/2022\/05\/pictos-solarmoov_Authenticite\u0301-300x300.png 300w, https:\/\/solarmoov.com\/wp-content\/uploads\/2022\/05\/pictos-solarmoov_Authenticite\u0301-150x150.png 150w\" sizes=\"(max-width: 313px) 100vw, 313px\" \/><\/figure><div class=\"elementor-image-box-content\"><h3 class=\"elementor-image-box-title\">Authentizit\u00e4t<\/h3><p class=\"elementor-image-box-description\">Keine gro\u00dfen Worte und keine \u00fcberfl\u00fcssigen Produkte, wir legen Wert auf einfache und transparente Beziehungen zu unseren Kunden und Partnern.<\/p><\/div><\/div>\t\t\t\t<\/div>\n\t\t\t\t<\/div>\n\t\t\t\t\t<\/div>\n\t\t<\/div>\n\t\t\t\t\t<\/div>\n\t\t<\/section>\n\t\t\t\t\t<\/div>\n\t\t<\/div>\n\t\t\t\t\t<\/div>\n\t\t<\/section>\n\t\t\t\t<\/div>\n\t\t","protected":false},"excerpt":{"rendered":"<p>\u00dcBER UNS Partner JEAN-MARC GUILLAUME SolarMoov entwirft, baut und vermarktet originelle L\u00f6sungen f\u00fcr sanfte Mobilit\u00e4t. Es ist insbesondere das erste Unternehmen in Frankreich und anderswo, das Solaranh\u00e4nger f\u00fcr Fahrr\u00e4der mit Elektrounterst\u00fctzung vermarktet hat, mit denen das Fahrrad aufgeladen werden kann, so dass man lange Strecken fahren kann, ohne am Stromnetz aufladen zu m\u00fcssen. Unsere Produkte [&hellip;]<\/p>\n","protected":false},"author":5,"featured_media":0,"parent":0,"menu_order":0,"comment_status":"closed","ping_status":"closed","template":"elementor_header_footer","meta":{"footnotes":""},"class_list":["post-17298","page","type-page","status-publish","hentry"],"yoast_head":"<!-- This site is optimized with the Yoast SEO plugin v27.3 - https:\/\/yoast.com\/product\/yoast-seo-wordpress\/ -->\n<title>WER SIND WIR? - SolarMoov<\/title>\n<meta name=\"description\" content=\"SolarMoov entwickelt und vermarktet originelle L\u00f6sungen f\u00fcr sanfte Mobilit\u00e4t, darunter auch Solarl\u00f6sungen.\" \/>\n<meta name=\"robots\" content=\"index, follow, max-snippet:-1, max-image-preview:large, max-video-preview:-1\" \/>\n<link rel=\"canonical\" href=\"https:\/\/solarmoov.com\/de\/wer-sind-wir\" \/>\n<meta property=\"og:locale\" content=\"de_DE\" \/>\n<meta property=\"og:type\" content=\"article\" \/>\n<meta property=\"og:title\" content=\"WER SIND WIR? - SolarMoov\" \/>\n<meta property=\"og:description\" content=\"SolarMoov entwickelt und vermarktet originelle L\u00f6sungen f\u00fcr sanfte Mobilit\u00e4t, darunter auch Solarl\u00f6sungen.\" \/>\n<meta property=\"og:url\" content=\"https:\/\/solarmoov.com\/de\/wer-sind-wir\" \/>\n<meta property=\"og:site_name\" content=\"SolarMoov\" \/>\n<meta property=\"article:publisher\" content=\"https:\/\/www.facebook.com\/Solarmoov\" \/>\n<meta property=\"article:modified_time\" content=\"2024-06-27T17:02:05+00:00\" \/>\n<meta property=\"og:image\" content=\"https:\/\/solarmoov.com\/wp-content\/uploads\/2023\/11\/photo-Jean-marc-Queau.webp\" \/>\n<meta name=\"twitter:card\" content=\"summary_large_image\" \/>\n<meta name=\"twitter:label1\" content=\"Gesch\u00e4tzte Lesezeit\" \/>\n\t<meta name=\"twitter:data1\" content=\"1\u00a0Minute\" \/>\n<script type=\"application\/ld+json\" class=\"yoast-schema-graph\">{\"@context\":\"https:\\\/\\\/schema.org\",\"@graph\":[{\"@type\":\"WebPage\",\"@id\":\"https:\\\/\\\/solarmoov.com\\\/de\\\/wer-sind-wir\",\"url\":\"https:\\\/\\\/solarmoov.com\\\/de\\\/wer-sind-wir\",\"name\":\"WER SIND WIR? - SolarMoov\",\"isPartOf\":{\"@id\":\"https:\\\/\\\/solarmoov.com\\\/de#website\"},\"primaryImageOfPage\":{\"@id\":\"https:\\\/\\\/solarmoov.com\\\/de\\\/wer-sind-wir#primaryimage\"},\"image\":{\"@id\":\"https:\\\/\\\/solarmoov.com\\\/de\\\/wer-sind-wir#primaryimage\"},\"thumbnailUrl\":\"https:\\\/\\\/solarmoov.com\\\/wp-content\\\/uploads\\\/2023\\\/11\\\/photo-Jean-marc-Queau.webp\",\"datePublished\":\"2023-07-10T07:46:29+00:00\",\"dateModified\":\"2024-06-27T17:02:05+00:00\",\"description\":\"SolarMoov entwickelt und vermarktet originelle L\u00f6sungen f\u00fcr sanfte Mobilit\u00e4t, darunter auch Solarl\u00f6sungen.\",\"breadcrumb\":{\"@id\":\"https:\\\/\\\/solarmoov.com\\\/de\\\/wer-sind-wir#breadcrumb\"},\"inLanguage\":\"de\",\"potentialAction\":[{\"@type\":\"ReadAction\",\"target\":[\"https:\\\/\\\/solarmoov.com\\\/de\\\/wer-sind-wir\"]}]},{\"@type\":\"ImageObject\",\"inLanguage\":\"de\",\"@id\":\"https:\\\/\\\/solarmoov.com\\\/de\\\/wer-sind-wir#primaryimage\",\"url\":\"https:\\\/\\\/solarmoov.com\\\/wp-content\\\/uploads\\\/2023\\\/11\\\/photo-Jean-marc-Queau.webp\",\"contentUrl\":\"https:\\\/\\\/solarmoov.com\\\/wp-content\\\/uploads\\\/2023\\\/11\\\/photo-Jean-marc-Queau.webp\"},{\"@type\":\"BreadcrumbList\",\"@id\":\"https:\\\/\\\/solarmoov.com\\\/de\\\/wer-sind-wir#breadcrumb\",\"itemListElement\":[{\"@type\":\"ListItem\",\"position\":1,\"name\":\"Accueil\",\"item\":\"https:\\\/\\\/solarmoov.com\\\/de\\\/startseite\"},{\"@type\":\"ListItem\",\"position\":2,\"name\":\"WER SIND WIR?\"}]},{\"@type\":\"WebSite\",\"@id\":\"https:\\\/\\\/solarmoov.com\\\/de#website\",\"url\":\"https:\\\/\\\/solarmoov.com\\\/de\",\"name\":\"SolarMoov\",\"description\":\"Remorques pour v\u00e9los et cycles\",\"publisher\":{\"@id\":\"https:\\\/\\\/solarmoov.com\\\/de#organization\"},\"potentialAction\":[{\"@type\":\"SearchAction\",\"target\":{\"@type\":\"EntryPoint\",\"urlTemplate\":\"https:\\\/\\\/solarmoov.com\\\/de?s={search_term_string}\"},\"query-input\":{\"@type\":\"PropertyValueSpecification\",\"valueRequired\":true,\"valueName\":\"search_term_string\"}}],\"inLanguage\":\"de\"},{\"@type\":\"Organization\",\"@id\":\"https:\\\/\\\/solarmoov.com\\\/de#organization\",\"name\":\"SolarMoov\",\"url\":\"https:\\\/\\\/solarmoov.com\\\/de\",\"logo\":{\"@type\":\"ImageObject\",\"inLanguage\":\"de\",\"@id\":\"https:\\\/\\\/solarmoov.com\\\/de#\\\/schema\\\/logo\\\/image\\\/\",\"url\":\"https:\\\/\\\/solarmoov.com\\\/wp-content\\\/uploads\\\/2023\\\/05\\\/cropped-SIGNATURE-MAIL_icone-jaune-fond-vert.png\",\"contentUrl\":\"https:\\\/\\\/solarmoov.com\\\/wp-content\\\/uploads\\\/2023\\\/05\\\/cropped-SIGNATURE-MAIL_icone-jaune-fond-vert.png\",\"width\":512,\"height\":512,\"caption\":\"SolarMoov\"},\"image\":{\"@id\":\"https:\\\/\\\/solarmoov.com\\\/de#\\\/schema\\\/logo\\\/image\\\/\"},\"sameAs\":[\"https:\\\/\\\/www.facebook.com\\\/Solarmoov\",\"https:\\\/\\\/www.linkedin.com\\\/company\\\/86362551\"]}]}<\/script>\n<!-- \/ Yoast SEO plugin. -->","yoast_head_json":{"title":"WER SIND WIR? - SolarMoov","description":"SolarMoov entwickelt und vermarktet originelle L\u00f6sungen f\u00fcr sanfte Mobilit\u00e4t, darunter auch Solarl\u00f6sungen.","robots":{"index":"index","follow":"follow","max-snippet":"max-snippet:-1","max-image-preview":"max-image-preview:large","max-video-preview":"max-video-preview:-1"},"canonical":"https:\/\/solarmoov.com\/de\/wer-sind-wir","og_locale":"de_DE","og_type":"article","og_title":"WER SIND WIR? - SolarMoov","og_description":"SolarMoov entwickelt und vermarktet originelle L\u00f6sungen f\u00fcr sanfte Mobilit\u00e4t, darunter auch Solarl\u00f6sungen.","og_url":"https:\/\/solarmoov.com\/de\/wer-sind-wir","og_site_name":"SolarMoov","article_publisher":"https:\/\/www.facebook.com\/Solarmoov","article_modified_time":"2024-06-27T17:02:05+00:00","og_image":[{"url":"https:\/\/solarmoov.com\/wp-content\/uploads\/2023\/11\/photo-Jean-marc-Queau.webp","type":"","width":"","height":""}],"twitter_card":"summary_large_image","twitter_misc":{"Gesch\u00e4tzte Lesezeit":"1\u00a0Minute"},"schema":{"@context":"https:\/\/schema.org","@graph":[{"@type":"WebPage","@id":"https:\/\/solarmoov.com\/de\/wer-sind-wir","url":"https:\/\/solarmoov.com\/de\/wer-sind-wir","name":"WER SIND WIR? - SolarMoov","isPartOf":{"@id":"https:\/\/solarmoov.com\/de#website"},"primaryImageOfPage":{"@id":"https:\/\/solarmoov.com\/de\/wer-sind-wir#primaryimage"},"image":{"@id":"https:\/\/solarmoov.com\/de\/wer-sind-wir#primaryimage"},"thumbnailUrl":"https:\/\/solarmoov.com\/wp-content\/uploads\/2023\/11\/photo-Jean-marc-Queau.webp","datePublished":"2023-07-10T07:46:29+00:00","dateModified":"2024-06-27T17:02:05+00:00","description":"SolarMoov entwickelt und vermarktet originelle L\u00f6sungen f\u00fcr sanfte Mobilit\u00e4t, darunter auch Solarl\u00f6sungen.","breadcrumb":{"@id":"https:\/\/solarmoov.com\/de\/wer-sind-wir#breadcrumb"},"inLanguage":"de","potentialAction":[{"@type":"ReadAction","target":["https:\/\/solarmoov.com\/de\/wer-sind-wir"]}]},{"@type":"ImageObject","inLanguage":"de","@id":"https:\/\/solarmoov.com\/de\/wer-sind-wir#primaryimage","url":"https:\/\/solarmoov.com\/wp-content\/uploads\/2023\/11\/photo-Jean-marc-Queau.webp","contentUrl":"https:\/\/solarmoov.com\/wp-content\/uploads\/2023\/11\/photo-Jean-marc-Queau.webp"},{"@type":"BreadcrumbList","@id":"https:\/\/solarmoov.com\/de\/wer-sind-wir#breadcrumb","itemListElement":[{"@type":"ListItem","position":1,"name":"Accueil","item":"https:\/\/solarmoov.com\/de\/startseite"},{"@type":"ListItem","position":2,"name":"WER SIND WIR?"}]},{"@type":"WebSite","@id":"https:\/\/solarmoov.com\/de#website","url":"https:\/\/solarmoov.com\/de","name":"SolarMoov","description":"Remorques pour v\u00e9los et cycles","publisher":{"@id":"https:\/\/solarmoov.com\/de#organization"},"potentialAction":[{"@type":"SearchAction","target":{"@type":"EntryPoint","urlTemplate":"https:\/\/solarmoov.com\/de?s={search_term_string}"},"query-input":{"@type":"PropertyValueSpecification","valueRequired":true,"valueName":"search_term_string"}}],"inLanguage":"de"},{"@type":"Organization","@id":"https:\/\/solarmoov.com\/de#organization","name":"SolarMoov","url":"https:\/\/solarmoov.com\/de","logo":{"@type":"ImageObject","inLanguage":"de","@id":"https:\/\/solarmoov.com\/de#\/schema\/logo\/image\/","url":"https:\/\/solarmoov.com\/wp-content\/uploads\/2023\/05\/cropped-SIGNATURE-MAIL_icone-jaune-fond-vert.png","contentUrl":"https:\/\/solarmoov.com\/wp-content\/uploads\/2023\/05\/cropped-SIGNATURE-MAIL_icone-jaune-fond-vert.png","width":512,"height":512,"caption":"SolarMoov"},"image":{"@id":"https:\/\/solarmoov.com\/de#\/schema\/logo\/image\/"},"sameAs":["https:\/\/www.facebook.com\/Solarmoov","https:\/\/www.linkedin.com\/company\/86362551"]}]}},"_links":{"self":[{"href":"https:\/\/solarmoov.com\/de\/wp-json\/wp\/v2\/pages\/17298","targetHints":{"allow":["GET"]}}],"collection":[{"href":"https:\/\/solarmoov.com\/de\/wp-json\/wp\/v2\/pages"}],"about":[{"href":"https:\/\/solarmoov.com\/de\/wp-json\/wp\/v2\/types\/page"}],"author":[{"embeddable":true,"href":"https:\/\/solarmoov.com\/de\/wp-json\/wp\/v2\/users\/5"}],"replies":[{"embeddable":true,"href":"https:\/\/solarmoov.com\/de\/wp-json\/wp\/v2\/comments?post=17298"}],"version-history":[{"count":4,"href":"https:\/\/solarmoov.com\/de\/wp-json\/wp\/v2\/pages\/17298\/revisions"}],"predecessor-version":[{"id":17402,"href":"https:\/\/solarmoov.com\/de\/wp-json\/wp\/v2\/pages\/17298\/revisions\/17402"}],"wp:attachment":[{"href":"https:\/\/solarmoov.com\/de\/wp-json\/wp\/v2\/media?parent=17298"}],"curies":[{"name":"wp","href":"https:\/\/api.w.org\/{rel}","templated":true}]}}