{"id":17121,"date":"2023-11-07T14:38:44","date_gmt":"2023-11-07T14:38:44","guid":{"rendered":"https:\/\/solarmoov.com\/product\/basisbefestigungsset-fuer-die-installation-eines-neigbaren-solarmoduls-auf-einem-kern-anhaenger"},"modified":"2024-06-27T13:58:19","modified_gmt":"2024-06-27T13:58:19","slug":"basisbefestigungsset-fuer-die-installation-eines-neigbaren-solarmoduls-auf-einem-kern-anhaenger","status":"publish","type":"product","link":"https:\/\/solarmoov.com\/de\/produkt\/basisbefestigungsset-fuer-die-installation-eines-neigbaren-solarmoduls-auf-einem-kern-anhaenger","title":{"rendered":"Basisbefestigungsset f\u00fcr die Installation eines neigbaren Solarmoduls auf einem KERN-Anh\u00e4nger"},"content":{"rendered":"<p>Basis-Befestigungsset f\u00fcr die Installation von Solarmodulen auf KERN-Anh\u00e4ngern<\/p>\n<p>Geeignet f\u00fcr die Befestigung eines Rahmens aus Aluminiumprofil 20mmx40mm (nicht im Lieferumfang enthalten), mit dem ein flexibles Solarmodul befestigt werden kann.<\/p>\n<p>Das Kit enth\u00e4lt:<\/p>\n<ul>\n<li>Schwarze Befestigungen (vorne und hinten) am Rumpf des KERN-Anh\u00e4ngers<\/li>\n<li>U-f\u00f6rmige Laschen, die eine Drehung um +\/- 45\u00b0 und die Befestigung am Aluminiumprofilrahmen erm\u00f6glichen.<\/li>\n<li>2 Griffe mit Schnellverschl\u00fcssen, um das Paneel in einer bestimmten Position zwischen -45 und +45 Grad zu arretieren.<\/li>\n<li>Verschiedene Schrauben<\/li>\n<\/ul>\n<p>Abmessungen pro Klammer 122x107x43. Gesamtgewicht des Kits: 670g<\/p>\n<p><strong><a href=\"https:\/\/solarmoov.com\/wp-content\/uploads\/2023\/11\/Instructions-KERN.pdf\" target=\"_blank\" rel=\"noopener\">Download der Gebrauchs- und Montageanleitung<\/a><\/strong><\/p>\n<p>&nbsp;<\/p>\n","protected":false},"excerpt":{"rendered":"<p>Basis-Befestigungsset f\u00fcr die Installation von Solarmodulen auf KERN-Anh\u00e4ngern Geeignet f\u00fcr die Befestigung eines Rahmens aus Aluminiumprofil 20mmx40mm (nicht im Lieferumfang enthalten), mit dem ein flexibles Solarmodul befestigt werden kann. Das Kit enth\u00e4lt: Schwarze Befestigungen (vorne und hinten) am Rumpf des KERN-Anh\u00e4ngers U-f\u00f6rmige Laschen, die eine Drehung um +\/- 45\u00b0 und die Befestigung am Aluminiumprofilrahmen erm\u00f6glichen. [&hellip;]<\/p>\n","protected":false},"featured_media":15247,"template":"","meta":[],"product_brand":[],"product_cat":[124],"product_tag":[],"class_list":{"0":"post-17121","1":"product","2":"type-product","3":"status-publish","4":"has-post-thumbnail","6":"product_cat-mehrzweckanhanger-kern","7":"product_shipping_class-4-mittleres-ersatzteil","9":"first","10":"instock","11":"taxable","12":"shipping-taxable","13":"purchasable","14":"product-type-simple"},"yoast_head":"<!-- This site is optimized with the Yoast SEO plugin v27.3 - https:\/\/yoast.com\/product\/yoast-seo-wordpress\/ -->\n<title>Basisbefestigungsset f\u00fcr die Installation eines neigbaren Solarmoduls auf einem KERN-Anh\u00e4nger - SolarMoov<\/title>\n<meta name=\"robots\" content=\"index, follow, max-snippet:-1, max-image-preview:large, max-video-preview:-1\" \/>\n<link rel=\"canonical\" href=\"https:\/\/solarmoov.com\/de\/produkt\/basisbefestigungsset-fuer-die-installation-eines-neigbaren-solarmoduls-auf-einem-kern-anhaenger\" \/>\n<meta property=\"og:locale\" content=\"de_DE\" \/>\n<meta property=\"og:type\" content=\"article\" \/>\n<meta property=\"og:title\" content=\"Basisbefestigungsset f\u00fcr die Installation eines neigbaren Solarmoduls auf einem KERN-Anh\u00e4nger - SolarMoov\" \/>\n<meta property=\"og:description\" content=\"Basis-Befestigungsset f\u00fcr die Installation von Solarmodulen auf KERN-Anh\u00e4ngern Geeignet f\u00fcr die Befestigung eines Rahmens aus Aluminiumprofil 20mmx40mm (nicht im Lieferumfang enthalten), mit dem ein flexibles Solarmodul befestigt werden kann. Das Kit enth\u00e4lt: Schwarze Befestigungen (vorne und hinten) am Rumpf des KERN-Anh\u00e4ngers U-f\u00f6rmige Laschen, die eine Drehung um +\/- 45\u00b0 und die Befestigung am Aluminiumprofilrahmen erm\u00f6glichen. [&hellip;]\" \/>\n<meta property=\"og:url\" content=\"https:\/\/solarmoov.com\/de\/produkt\/basisbefestigungsset-fuer-die-installation-eines-neigbaren-solarmoduls-auf-einem-kern-anhaenger\" \/>\n<meta property=\"og:site_name\" content=\"SolarMoov\" \/>\n<meta property=\"article:publisher\" content=\"https:\/\/www.facebook.com\/Solarmoov\" \/>\n<meta property=\"article:modified_time\" content=\"2024-06-27T13:58:19+00:00\" \/>\n<meta property=\"og:image\" content=\"https:\/\/solarmoov.com\/wp-content\/uploads\/2023\/10\/gros-plan-attache.webp\" \/>\n\t<meta property=\"og:image:width\" content=\"1200\" \/>\n\t<meta property=\"og:image:height\" content=\"807\" \/>\n\t<meta property=\"og:image:type\" content=\"image\/webp\" \/>\n<meta name=\"twitter:card\" content=\"summary_large_image\" \/>\n<script type=\"application\/ld+json\" class=\"yoast-schema-graph\">{\"@context\":\"https:\\\/\\\/schema.org\",\"@graph\":[{\"@type\":\"WebPage\",\"@id\":\"https:\\\/\\\/solarmoov.com\\\/de\\\/produkt\\\/basisbefestigungsset-fuer-die-installation-eines-neigbaren-solarmoduls-auf-einem-kern-anhaenger\",\"url\":\"https:\\\/\\\/solarmoov.com\\\/de\\\/produkt\\\/basisbefestigungsset-fuer-die-installation-eines-neigbaren-solarmoduls-auf-einem-kern-anhaenger\",\"name\":\"Basisbefestigungsset f\u00fcr die Installation eines neigbaren Solarmoduls auf einem KERN-Anh\u00e4nger - SolarMoov\",\"isPartOf\":{\"@id\":\"https:\\\/\\\/solarmoov.com\\\/de#website\"},\"primaryImageOfPage\":{\"@id\":\"https:\\\/\\\/solarmoov.com\\\/de\\\/produkt\\\/basisbefestigungsset-fuer-die-installation-eines-neigbaren-solarmoduls-auf-einem-kern-anhaenger#primaryimage\"},\"image\":{\"@id\":\"https:\\\/\\\/solarmoov.com\\\/de\\\/produkt\\\/basisbefestigungsset-fuer-die-installation-eines-neigbaren-solarmoduls-auf-einem-kern-anhaenger#primaryimage\"},\"thumbnailUrl\":\"https:\\\/\\\/solarmoov.com\\\/wp-content\\\/uploads\\\/2023\\\/10\\\/gros-plan-attache.webp\",\"datePublished\":\"2023-11-07T14:38:44+00:00\",\"dateModified\":\"2024-06-27T13:58:19+00:00\",\"breadcrumb\":{\"@id\":\"https:\\\/\\\/solarmoov.com\\\/de\\\/produkt\\\/basisbefestigungsset-fuer-die-installation-eines-neigbaren-solarmoduls-auf-einem-kern-anhaenger#breadcrumb\"},\"inLanguage\":\"de\",\"potentialAction\":[{\"@type\":\"ReadAction\",\"target\":[\"https:\\\/\\\/solarmoov.com\\\/de\\\/produkt\\\/basisbefestigungsset-fuer-die-installation-eines-neigbaren-solarmoduls-auf-einem-kern-anhaenger\"]}]},{\"@type\":\"ImageObject\",\"inLanguage\":\"de\",\"@id\":\"https:\\\/\\\/solarmoov.com\\\/de\\\/produkt\\\/basisbefestigungsset-fuer-die-installation-eines-neigbaren-solarmoduls-auf-einem-kern-anhaenger#primaryimage\",\"url\":\"https:\\\/\\\/solarmoov.com\\\/wp-content\\\/uploads\\\/2023\\\/10\\\/gros-plan-attache.webp\",\"contentUrl\":\"https:\\\/\\\/solarmoov.com\\\/wp-content\\\/uploads\\\/2023\\\/10\\\/gros-plan-attache.webp\",\"width\":1200,\"height\":807},{\"@type\":\"BreadcrumbList\",\"@id\":\"https:\\\/\\\/solarmoov.com\\\/de\\\/produkt\\\/basisbefestigungsset-fuer-die-installation-eines-neigbaren-solarmoduls-auf-einem-kern-anhaenger#breadcrumb\",\"itemListElement\":[{\"@type\":\"ListItem\",\"position\":1,\"name\":\"Accueil\",\"item\":\"https:\\\/\\\/solarmoov.com\\\/de\\\/startseite\"},{\"@type\":\"ListItem\",\"position\":2,\"name\":\"BOUTIQUE\",\"item\":\"https:\\\/\\\/solarmoov.com\\\/de?page_id=17295\"},{\"@type\":\"ListItem\",\"position\":3,\"name\":\"Basisbefestigungsset f\u00fcr die Installation eines neigbaren Solarmoduls auf einem KERN-Anh\u00e4nger\"}]},{\"@type\":\"WebSite\",\"@id\":\"https:\\\/\\\/solarmoov.com\\\/de#website\",\"url\":\"https:\\\/\\\/solarmoov.com\\\/de\",\"name\":\"SolarMoov\",\"description\":\"Remorques pour v\u00e9los et cycles\",\"publisher\":{\"@id\":\"https:\\\/\\\/solarmoov.com\\\/de#organization\"},\"potentialAction\":[{\"@type\":\"SearchAction\",\"target\":{\"@type\":\"EntryPoint\",\"urlTemplate\":\"https:\\\/\\\/solarmoov.com\\\/de?s={search_term_string}\"},\"query-input\":{\"@type\":\"PropertyValueSpecification\",\"valueRequired\":true,\"valueName\":\"search_term_string\"}}],\"inLanguage\":\"de\"},{\"@type\":\"Organization\",\"@id\":\"https:\\\/\\\/solarmoov.com\\\/de#organization\",\"name\":\"SolarMoov\",\"url\":\"https:\\\/\\\/solarmoov.com\\\/de\",\"logo\":{\"@type\":\"ImageObject\",\"inLanguage\":\"de\",\"@id\":\"https:\\\/\\\/solarmoov.com\\\/de#\\\/schema\\\/logo\\\/image\\\/\",\"url\":\"https:\\\/\\\/solarmoov.com\\\/wp-content\\\/uploads\\\/2023\\\/05\\\/cropped-SIGNATURE-MAIL_icone-jaune-fond-vert.png\",\"contentUrl\":\"https:\\\/\\\/solarmoov.com\\\/wp-content\\\/uploads\\\/2023\\\/05\\\/cropped-SIGNATURE-MAIL_icone-jaune-fond-vert.png\",\"width\":512,\"height\":512,\"caption\":\"SolarMoov\"},\"image\":{\"@id\":\"https:\\\/\\\/solarmoov.com\\\/de#\\\/schema\\\/logo\\\/image\\\/\"},\"sameAs\":[\"https:\\\/\\\/www.facebook.com\\\/Solarmoov\",\"https:\\\/\\\/www.linkedin.com\\\/company\\\/86362551\"]}]}<\/script>\n<!-- \/ Yoast SEO plugin. -->","yoast_head_json":{"title":"Basisbefestigungsset f\u00fcr die Installation eines neigbaren Solarmoduls auf einem KERN-Anh\u00e4nger - SolarMoov","robots":{"index":"index","follow":"follow","max-snippet":"max-snippet:-1","max-image-preview":"max-image-preview:large","max-video-preview":"max-video-preview:-1"},"canonical":"https:\/\/solarmoov.com\/de\/produkt\/basisbefestigungsset-fuer-die-installation-eines-neigbaren-solarmoduls-auf-einem-kern-anhaenger","og_locale":"de_DE","og_type":"article","og_title":"Basisbefestigungsset f\u00fcr die Installation eines neigbaren Solarmoduls auf einem KERN-Anh\u00e4nger - SolarMoov","og_description":"Basis-Befestigungsset f\u00fcr die Installation von Solarmodulen auf KERN-Anh\u00e4ngern Geeignet f\u00fcr die Befestigung eines Rahmens aus Aluminiumprofil 20mmx40mm (nicht im Lieferumfang enthalten), mit dem ein flexibles Solarmodul befestigt werden kann. Das Kit enth\u00e4lt: Schwarze Befestigungen (vorne und hinten) am Rumpf des KERN-Anh\u00e4ngers U-f\u00f6rmige Laschen, die eine Drehung um +\/- 45\u00b0 und die Befestigung am Aluminiumprofilrahmen erm\u00f6glichen. [&hellip;]","og_url":"https:\/\/solarmoov.com\/de\/produkt\/basisbefestigungsset-fuer-die-installation-eines-neigbaren-solarmoduls-auf-einem-kern-anhaenger","og_site_name":"SolarMoov","article_publisher":"https:\/\/www.facebook.com\/Solarmoov","article_modified_time":"2024-06-27T13:58:19+00:00","og_image":[{"width":1200,"height":807,"url":"https:\/\/solarmoov.com\/wp-content\/uploads\/2023\/10\/gros-plan-attache.webp","type":"image\/webp"}],"twitter_card":"summary_large_image","schema":{"@context":"https:\/\/schema.org","@graph":[{"@type":"WebPage","@id":"https:\/\/solarmoov.com\/de\/produkt\/basisbefestigungsset-fuer-die-installation-eines-neigbaren-solarmoduls-auf-einem-kern-anhaenger","url":"https:\/\/solarmoov.com\/de\/produkt\/basisbefestigungsset-fuer-die-installation-eines-neigbaren-solarmoduls-auf-einem-kern-anhaenger","name":"Basisbefestigungsset f\u00fcr die Installation eines neigbaren Solarmoduls auf einem KERN-Anh\u00e4nger - SolarMoov","isPartOf":{"@id":"https:\/\/solarmoov.com\/de#website"},"primaryImageOfPage":{"@id":"https:\/\/solarmoov.com\/de\/produkt\/basisbefestigungsset-fuer-die-installation-eines-neigbaren-solarmoduls-auf-einem-kern-anhaenger#primaryimage"},"image":{"@id":"https:\/\/solarmoov.com\/de\/produkt\/basisbefestigungsset-fuer-die-installation-eines-neigbaren-solarmoduls-auf-einem-kern-anhaenger#primaryimage"},"thumbnailUrl":"https:\/\/solarmoov.com\/wp-content\/uploads\/2023\/10\/gros-plan-attache.webp","datePublished":"2023-11-07T14:38:44+00:00","dateModified":"2024-06-27T13:58:19+00:00","breadcrumb":{"@id":"https:\/\/solarmoov.com\/de\/produkt\/basisbefestigungsset-fuer-die-installation-eines-neigbaren-solarmoduls-auf-einem-kern-anhaenger#breadcrumb"},"inLanguage":"de","potentialAction":[{"@type":"ReadAction","target":["https:\/\/solarmoov.com\/de\/produkt\/basisbefestigungsset-fuer-die-installation-eines-neigbaren-solarmoduls-auf-einem-kern-anhaenger"]}]},{"@type":"ImageObject","inLanguage":"de","@id":"https:\/\/solarmoov.com\/de\/produkt\/basisbefestigungsset-fuer-die-installation-eines-neigbaren-solarmoduls-auf-einem-kern-anhaenger#primaryimage","url":"https:\/\/solarmoov.com\/wp-content\/uploads\/2023\/10\/gros-plan-attache.webp","contentUrl":"https:\/\/solarmoov.com\/wp-content\/uploads\/2023\/10\/gros-plan-attache.webp","width":1200,"height":807},{"@type":"BreadcrumbList","@id":"https:\/\/solarmoov.com\/de\/produkt\/basisbefestigungsset-fuer-die-installation-eines-neigbaren-solarmoduls-auf-einem-kern-anhaenger#breadcrumb","itemListElement":[{"@type":"ListItem","position":1,"name":"Accueil","item":"https:\/\/solarmoov.com\/de\/startseite"},{"@type":"ListItem","position":2,"name":"BOUTIQUE","item":"https:\/\/solarmoov.com\/de?page_id=17295"},{"@type":"ListItem","position":3,"name":"Basisbefestigungsset f\u00fcr die Installation eines neigbaren Solarmoduls auf einem KERN-Anh\u00e4nger"}]},{"@type":"WebSite","@id":"https:\/\/solarmoov.com\/de#website","url":"https:\/\/solarmoov.com\/de","name":"SolarMoov","description":"Remorques pour v\u00e9los et cycles","publisher":{"@id":"https:\/\/solarmoov.com\/de#organization"},"potentialAction":[{"@type":"SearchAction","target":{"@type":"EntryPoint","urlTemplate":"https:\/\/solarmoov.com\/de?s={search_term_string}"},"query-input":{"@type":"PropertyValueSpecification","valueRequired":true,"valueName":"search_term_string"}}],"inLanguage":"de"},{"@type":"Organization","@id":"https:\/\/solarmoov.com\/de#organization","name":"SolarMoov","url":"https:\/\/solarmoov.com\/de","logo":{"@type":"ImageObject","inLanguage":"de","@id":"https:\/\/solarmoov.com\/de#\/schema\/logo\/image\/","url":"https:\/\/solarmoov.com\/wp-content\/uploads\/2023\/05\/cropped-SIGNATURE-MAIL_icone-jaune-fond-vert.png","contentUrl":"https:\/\/solarmoov.com\/wp-content\/uploads\/2023\/05\/cropped-SIGNATURE-MAIL_icone-jaune-fond-vert.png","width":512,"height":512,"caption":"SolarMoov"},"image":{"@id":"https:\/\/solarmoov.com\/de#\/schema\/logo\/image\/"},"sameAs":["https:\/\/www.facebook.com\/Solarmoov","https:\/\/www.linkedin.com\/company\/86362551"]}]}},"_links":{"self":[{"href":"https:\/\/solarmoov.com\/de\/wp-json\/wp\/v2\/product\/17121","targetHints":{"allow":["GET"]}}],"collection":[{"href":"https:\/\/solarmoov.com\/de\/wp-json\/wp\/v2\/product"}],"about":[{"href":"https:\/\/solarmoov.com\/de\/wp-json\/wp\/v2\/types\/product"}],"wp:featuredmedia":[{"embeddable":true,"href":"https:\/\/solarmoov.com\/de\/wp-json\/wp\/v2\/media\/15247"}],"wp:attachment":[{"href":"https:\/\/solarmoov.com\/de\/wp-json\/wp\/v2\/media?parent=17121"}],"wp:term":[{"taxonomy":"product_brand","embeddable":true,"href":"https:\/\/solarmoov.com\/de\/wp-json\/wp\/v2\/product_brand?post=17121"},{"taxonomy":"product_cat","embeddable":true,"href":"https:\/\/solarmoov.com\/de\/wp-json\/wp\/v2\/product_cat?post=17121"},{"taxonomy":"product_tag","embeddable":true,"href":"https:\/\/solarmoov.com\/de\/wp-json\/wp\/v2\/product_tag?post=17121"}],"curies":[{"name":"wp","href":"https:\/\/api.w.org\/{rel}","templated":true}]}}