{"id":17136,"date":"2023-11-07T14:37:25","date_gmt":"2023-11-07T14:37:25","guid":{"rendered":"https:\/\/solarmoov.com\/product\/kit-12mm-querachse-fuer-die-befestigung-des-kern-anhaengers-am-fahrradhinterrad"},"modified":"2024-06-27T13:58:22","modified_gmt":"2024-06-27T13:58:22","slug":"kit-12mm-querachse-fuer-die-befestigung-des-kern-anhaengers-am-fahrradhinterrad","status":"publish","type":"product","link":"https:\/\/solarmoov.com\/de\/produkt\/kit-12mm-querachse-fuer-die-befestigung-des-kern-anhaengers-am-fahrradhinterrad","title":{"rendered":"Kit 12mm Querachse f\u00fcr die Befestigung des KERN-Anh\u00e4ngers am Fahrradhinterrad"},"content":{"rendered":"<p>12mm Steckachsensatz f\u00fcr die Befestigung des KERN-Anh\u00e4ngers am Hinterrad des Fahrrads.<\/p>\n<p>Das Kit enth\u00e4lt:<\/p>\n<ul>\n<li>Ein Aluminium-Achsenk\u00f6rper mit einem Durchmesser von 12 mm, einer Gesamtl\u00e4nge von 197,5 mm und einer Gewindel\u00e4nge von 20 mm. W\u00e4hlen Sie Ihre Variante der Gewindesteigung. 3 Varianten sind m\u00f6glich: 1mm \/ 1,5mm \/ 1,75mm. Entfernen Sie die Steckachse von Ihrem Hinterrad und \u00fcberpr\u00fcfen Sie die Angabe, die normalerweise auf der Achse eingraviert ist.<\/li>\n<li>6 flache Unterlegscheiben aus Aluminium in verschiedenen St\u00e4rken (1, 2 , 3, 6, 8, 12 mm)<\/li>\n<li>1 konische Unterlegscheibe aus Aluminium, 4mm dick<\/li>\n<li>1 abgeflachte Mutter aus vernickeltem Stahl f\u00fcr zus\u00e4tzliche Festigkeit beim Schrauben. 15er Maulschl\u00fcssel zum Festziehen (Schl\u00fcssel nicht im Kit enthalten)<\/li>\n<li>Gesamtgewicht mit allen Unterlegscheiben: 100gr<\/li>\n<\/ul>\n<p>&nbsp;<\/p>\n","protected":false},"excerpt":{"rendered":"<p>12mm Steckachsensatz f\u00fcr die Befestigung des KERN-Anh\u00e4ngers am Hinterrad des Fahrrads. Das Kit enth\u00e4lt: Ein Aluminium-Achsenk\u00f6rper mit einem Durchmesser von 12 mm, einer Gesamtl\u00e4nge von 197,5 mm und einer Gewindel\u00e4nge von 20 mm. W\u00e4hlen Sie Ihre Variante der Gewindesteigung. 3 Varianten sind m\u00f6glich: 1mm \/ 1,5mm \/ 1,75mm. Entfernen Sie die Steckachse von Ihrem Hinterrad [&hellip;]<\/p>\n","protected":false},"featured_media":15526,"template":"","meta":[],"product_brand":[],"product_cat":[124],"product_tag":[],"class_list":{"0":"post-17136","1":"product","2":"type-product","3":"status-publish","4":"has-post-thumbnail","6":"product_cat-mehrzweckanhanger-kern","7":"product_shipping_class-3-ersatzteil-klein","9":"first","10":"instock","11":"taxable","12":"shipping-taxable","13":"purchasable","14":"product-type-variable"},"yoast_head":"<!-- This site is optimized with the Yoast SEO plugin v27.3 - https:\/\/yoast.com\/product\/yoast-seo-wordpress\/ -->\n<title>Kit 12mm Querachse f\u00fcr die Befestigung des KERN-Anh\u00e4ngers am Fahrradhinterrad - SolarMoov<\/title>\n<meta name=\"robots\" content=\"index, follow, max-snippet:-1, max-image-preview:large, max-video-preview:-1\" \/>\n<link rel=\"canonical\" href=\"https:\/\/solarmoov.com\/de\/produkt\/kit-12mm-querachse-fuer-die-befestigung-des-kern-anhaengers-am-fahrradhinterrad\" \/>\n<meta property=\"og:locale\" content=\"de_DE\" \/>\n<meta property=\"og:type\" content=\"article\" \/>\n<meta property=\"og:title\" content=\"Kit 12mm Querachse f\u00fcr die Befestigung des KERN-Anh\u00e4ngers am Fahrradhinterrad - SolarMoov\" \/>\n<meta property=\"og:description\" content=\"12mm Steckachsensatz f\u00fcr die Befestigung des KERN-Anh\u00e4ngers am Hinterrad des Fahrrads. Das Kit enth\u00e4lt: Ein Aluminium-Achsenk\u00f6rper mit einem Durchmesser von 12 mm, einer Gesamtl\u00e4nge von 197,5 mm und einer Gewindel\u00e4nge von 20 mm. W\u00e4hlen Sie Ihre Variante der Gewindesteigung. 3 Varianten sind m\u00f6glich: 1mm \/ 1,5mm \/ 1,75mm. Entfernen Sie die Steckachse von Ihrem Hinterrad [&hellip;]\" \/>\n<meta property=\"og:url\" content=\"https:\/\/solarmoov.com\/de\/produkt\/kit-12mm-querachse-fuer-die-befestigung-des-kern-anhaengers-am-fahrradhinterrad\" \/>\n<meta property=\"og:site_name\" content=\"SolarMoov\" \/>\n<meta property=\"article:publisher\" content=\"https:\/\/www.facebook.com\/Solarmoov\" \/>\n<meta property=\"article:modified_time\" content=\"2024-06-27T13:58:22+00:00\" \/>\n<meta property=\"og:image\" content=\"https:\/\/solarmoov.com\/wp-content\/uploads\/2023\/11\/Axe-traversant-12mm.webp\" \/>\n\t<meta property=\"og:image:width\" content=\"1000\" \/>\n\t<meta property=\"og:image:height\" content=\"473\" \/>\n\t<meta property=\"og:image:type\" content=\"image\/webp\" \/>\n<meta name=\"twitter:card\" content=\"summary_large_image\" \/>\n<meta name=\"twitter:label1\" content=\"Gesch\u00e4tzte Lesezeit\" \/>\n\t<meta name=\"twitter:data1\" content=\"1\u00a0Minute\" \/>\n<script type=\"application\/ld+json\" class=\"yoast-schema-graph\">{\"@context\":\"https:\\\/\\\/schema.org\",\"@graph\":[{\"@type\":\"WebPage\",\"@id\":\"https:\\\/\\\/solarmoov.com\\\/de\\\/produkt\\\/kit-12mm-querachse-fuer-die-befestigung-des-kern-anhaengers-am-fahrradhinterrad\",\"url\":\"https:\\\/\\\/solarmoov.com\\\/de\\\/produkt\\\/kit-12mm-querachse-fuer-die-befestigung-des-kern-anhaengers-am-fahrradhinterrad\",\"name\":\"Kit 12mm Querachse f\u00fcr die Befestigung des KERN-Anh\u00e4ngers am Fahrradhinterrad - SolarMoov\",\"isPartOf\":{\"@id\":\"https:\\\/\\\/solarmoov.com\\\/de#website\"},\"primaryImageOfPage\":{\"@id\":\"https:\\\/\\\/solarmoov.com\\\/de\\\/produkt\\\/kit-12mm-querachse-fuer-die-befestigung-des-kern-anhaengers-am-fahrradhinterrad#primaryimage\"},\"image\":{\"@id\":\"https:\\\/\\\/solarmoov.com\\\/de\\\/produkt\\\/kit-12mm-querachse-fuer-die-befestigung-des-kern-anhaengers-am-fahrradhinterrad#primaryimage\"},\"thumbnailUrl\":\"https:\\\/\\\/solarmoov.com\\\/wp-content\\\/uploads\\\/2023\\\/11\\\/Axe-traversant-12mm.webp\",\"datePublished\":\"2023-11-07T14:37:25+00:00\",\"dateModified\":\"2024-06-27T13:58:22+00:00\",\"breadcrumb\":{\"@id\":\"https:\\\/\\\/solarmoov.com\\\/de\\\/produkt\\\/kit-12mm-querachse-fuer-die-befestigung-des-kern-anhaengers-am-fahrradhinterrad#breadcrumb\"},\"inLanguage\":\"de\",\"potentialAction\":[{\"@type\":\"ReadAction\",\"target\":[\"https:\\\/\\\/solarmoov.com\\\/de\\\/produkt\\\/kit-12mm-querachse-fuer-die-befestigung-des-kern-anhaengers-am-fahrradhinterrad\"]}]},{\"@type\":\"ImageObject\",\"inLanguage\":\"de\",\"@id\":\"https:\\\/\\\/solarmoov.com\\\/de\\\/produkt\\\/kit-12mm-querachse-fuer-die-befestigung-des-kern-anhaengers-am-fahrradhinterrad#primaryimage\",\"url\":\"https:\\\/\\\/solarmoov.com\\\/wp-content\\\/uploads\\\/2023\\\/11\\\/Axe-traversant-12mm.webp\",\"contentUrl\":\"https:\\\/\\\/solarmoov.com\\\/wp-content\\\/uploads\\\/2023\\\/11\\\/Axe-traversant-12mm.webp\",\"width\":1000,\"height\":473},{\"@type\":\"BreadcrumbList\",\"@id\":\"https:\\\/\\\/solarmoov.com\\\/de\\\/produkt\\\/kit-12mm-querachse-fuer-die-befestigung-des-kern-anhaengers-am-fahrradhinterrad#breadcrumb\",\"itemListElement\":[{\"@type\":\"ListItem\",\"position\":1,\"name\":\"Accueil\",\"item\":\"https:\\\/\\\/solarmoov.com\\\/de\\\/startseite\"},{\"@type\":\"ListItem\",\"position\":2,\"name\":\"BOUTIQUE\",\"item\":\"https:\\\/\\\/solarmoov.com\\\/de?page_id=17295\"},{\"@type\":\"ListItem\",\"position\":3,\"name\":\"Kit 12mm Querachse f\u00fcr die Befestigung des KERN-Anh\u00e4ngers am Fahrradhinterrad\"}]},{\"@type\":\"WebSite\",\"@id\":\"https:\\\/\\\/solarmoov.com\\\/de#website\",\"url\":\"https:\\\/\\\/solarmoov.com\\\/de\",\"name\":\"SolarMoov\",\"description\":\"Remorques pour v\u00e9los et cycles\",\"publisher\":{\"@id\":\"https:\\\/\\\/solarmoov.com\\\/de#organization\"},\"potentialAction\":[{\"@type\":\"SearchAction\",\"target\":{\"@type\":\"EntryPoint\",\"urlTemplate\":\"https:\\\/\\\/solarmoov.com\\\/de?s={search_term_string}\"},\"query-input\":{\"@type\":\"PropertyValueSpecification\",\"valueRequired\":true,\"valueName\":\"search_term_string\"}}],\"inLanguage\":\"de\"},{\"@type\":\"Organization\",\"@id\":\"https:\\\/\\\/solarmoov.com\\\/de#organization\",\"name\":\"SolarMoov\",\"url\":\"https:\\\/\\\/solarmoov.com\\\/de\",\"logo\":{\"@type\":\"ImageObject\",\"inLanguage\":\"de\",\"@id\":\"https:\\\/\\\/solarmoov.com\\\/de#\\\/schema\\\/logo\\\/image\\\/\",\"url\":\"https:\\\/\\\/solarmoov.com\\\/wp-content\\\/uploads\\\/2023\\\/05\\\/cropped-SIGNATURE-MAIL_icone-jaune-fond-vert.png\",\"contentUrl\":\"https:\\\/\\\/solarmoov.com\\\/wp-content\\\/uploads\\\/2023\\\/05\\\/cropped-SIGNATURE-MAIL_icone-jaune-fond-vert.png\",\"width\":512,\"height\":512,\"caption\":\"SolarMoov\"},\"image\":{\"@id\":\"https:\\\/\\\/solarmoov.com\\\/de#\\\/schema\\\/logo\\\/image\\\/\"},\"sameAs\":[\"https:\\\/\\\/www.facebook.com\\\/Solarmoov\",\"https:\\\/\\\/www.linkedin.com\\\/company\\\/86362551\"]}]}<\/script>\n<!-- \/ Yoast SEO plugin. -->","yoast_head_json":{"title":"Kit 12mm Querachse f\u00fcr die Befestigung des KERN-Anh\u00e4ngers am Fahrradhinterrad - SolarMoov","robots":{"index":"index","follow":"follow","max-snippet":"max-snippet:-1","max-image-preview":"max-image-preview:large","max-video-preview":"max-video-preview:-1"},"canonical":"https:\/\/solarmoov.com\/de\/produkt\/kit-12mm-querachse-fuer-die-befestigung-des-kern-anhaengers-am-fahrradhinterrad","og_locale":"de_DE","og_type":"article","og_title":"Kit 12mm Querachse f\u00fcr die Befestigung des KERN-Anh\u00e4ngers am Fahrradhinterrad - SolarMoov","og_description":"12mm Steckachsensatz f\u00fcr die Befestigung des KERN-Anh\u00e4ngers am Hinterrad des Fahrrads. Das Kit enth\u00e4lt: Ein Aluminium-Achsenk\u00f6rper mit einem Durchmesser von 12 mm, einer Gesamtl\u00e4nge von 197,5 mm und einer Gewindel\u00e4nge von 20 mm. W\u00e4hlen Sie Ihre Variante der Gewindesteigung. 3 Varianten sind m\u00f6glich: 1mm \/ 1,5mm \/ 1,75mm. Entfernen Sie die Steckachse von Ihrem Hinterrad [&hellip;]","og_url":"https:\/\/solarmoov.com\/de\/produkt\/kit-12mm-querachse-fuer-die-befestigung-des-kern-anhaengers-am-fahrradhinterrad","og_site_name":"SolarMoov","article_publisher":"https:\/\/www.facebook.com\/Solarmoov","article_modified_time":"2024-06-27T13:58:22+00:00","og_image":[{"width":1000,"height":473,"url":"https:\/\/solarmoov.com\/wp-content\/uploads\/2023\/11\/Axe-traversant-12mm.webp","type":"image\/webp"}],"twitter_card":"summary_large_image","twitter_misc":{"Gesch\u00e4tzte Lesezeit":"1\u00a0Minute"},"schema":{"@context":"https:\/\/schema.org","@graph":[{"@type":"WebPage","@id":"https:\/\/solarmoov.com\/de\/produkt\/kit-12mm-querachse-fuer-die-befestigung-des-kern-anhaengers-am-fahrradhinterrad","url":"https:\/\/solarmoov.com\/de\/produkt\/kit-12mm-querachse-fuer-die-befestigung-des-kern-anhaengers-am-fahrradhinterrad","name":"Kit 12mm Querachse f\u00fcr die Befestigung des KERN-Anh\u00e4ngers am Fahrradhinterrad - SolarMoov","isPartOf":{"@id":"https:\/\/solarmoov.com\/de#website"},"primaryImageOfPage":{"@id":"https:\/\/solarmoov.com\/de\/produkt\/kit-12mm-querachse-fuer-die-befestigung-des-kern-anhaengers-am-fahrradhinterrad#primaryimage"},"image":{"@id":"https:\/\/solarmoov.com\/de\/produkt\/kit-12mm-querachse-fuer-die-befestigung-des-kern-anhaengers-am-fahrradhinterrad#primaryimage"},"thumbnailUrl":"https:\/\/solarmoov.com\/wp-content\/uploads\/2023\/11\/Axe-traversant-12mm.webp","datePublished":"2023-11-07T14:37:25+00:00","dateModified":"2024-06-27T13:58:22+00:00","breadcrumb":{"@id":"https:\/\/solarmoov.com\/de\/produkt\/kit-12mm-querachse-fuer-die-befestigung-des-kern-anhaengers-am-fahrradhinterrad#breadcrumb"},"inLanguage":"de","potentialAction":[{"@type":"ReadAction","target":["https:\/\/solarmoov.com\/de\/produkt\/kit-12mm-querachse-fuer-die-befestigung-des-kern-anhaengers-am-fahrradhinterrad"]}]},{"@type":"ImageObject","inLanguage":"de","@id":"https:\/\/solarmoov.com\/de\/produkt\/kit-12mm-querachse-fuer-die-befestigung-des-kern-anhaengers-am-fahrradhinterrad#primaryimage","url":"https:\/\/solarmoov.com\/wp-content\/uploads\/2023\/11\/Axe-traversant-12mm.webp","contentUrl":"https:\/\/solarmoov.com\/wp-content\/uploads\/2023\/11\/Axe-traversant-12mm.webp","width":1000,"height":473},{"@type":"BreadcrumbList","@id":"https:\/\/solarmoov.com\/de\/produkt\/kit-12mm-querachse-fuer-die-befestigung-des-kern-anhaengers-am-fahrradhinterrad#breadcrumb","itemListElement":[{"@type":"ListItem","position":1,"name":"Accueil","item":"https:\/\/solarmoov.com\/de\/startseite"},{"@type":"ListItem","position":2,"name":"BOUTIQUE","item":"https:\/\/solarmoov.com\/de?page_id=17295"},{"@type":"ListItem","position":3,"name":"Kit 12mm Querachse f\u00fcr die Befestigung des KERN-Anh\u00e4ngers am Fahrradhinterrad"}]},{"@type":"WebSite","@id":"https:\/\/solarmoov.com\/de#website","url":"https:\/\/solarmoov.com\/de","name":"SolarMoov","description":"Remorques pour v\u00e9los et cycles","publisher":{"@id":"https:\/\/solarmoov.com\/de#organization"},"potentialAction":[{"@type":"SearchAction","target":{"@type":"EntryPoint","urlTemplate":"https:\/\/solarmoov.com\/de?s={search_term_string}"},"query-input":{"@type":"PropertyValueSpecification","valueRequired":true,"valueName":"search_term_string"}}],"inLanguage":"de"},{"@type":"Organization","@id":"https:\/\/solarmoov.com\/de#organization","name":"SolarMoov","url":"https:\/\/solarmoov.com\/de","logo":{"@type":"ImageObject","inLanguage":"de","@id":"https:\/\/solarmoov.com\/de#\/schema\/logo\/image\/","url":"https:\/\/solarmoov.com\/wp-content\/uploads\/2023\/05\/cropped-SIGNATURE-MAIL_icone-jaune-fond-vert.png","contentUrl":"https:\/\/solarmoov.com\/wp-content\/uploads\/2023\/05\/cropped-SIGNATURE-MAIL_icone-jaune-fond-vert.png","width":512,"height":512,"caption":"SolarMoov"},"image":{"@id":"https:\/\/solarmoov.com\/de#\/schema\/logo\/image\/"},"sameAs":["https:\/\/www.facebook.com\/Solarmoov","https:\/\/www.linkedin.com\/company\/86362551"]}]}},"_links":{"self":[{"href":"https:\/\/solarmoov.com\/de\/wp-json\/wp\/v2\/product\/17136","targetHints":{"allow":["GET"]}}],"collection":[{"href":"https:\/\/solarmoov.com\/de\/wp-json\/wp\/v2\/product"}],"about":[{"href":"https:\/\/solarmoov.com\/de\/wp-json\/wp\/v2\/types\/product"}],"wp:featuredmedia":[{"embeddable":true,"href":"https:\/\/solarmoov.com\/de\/wp-json\/wp\/v2\/media\/15526"}],"wp:attachment":[{"href":"https:\/\/solarmoov.com\/de\/wp-json\/wp\/v2\/media?parent=17136"}],"wp:term":[{"taxonomy":"product_brand","embeddable":true,"href":"https:\/\/solarmoov.com\/de\/wp-json\/wp\/v2\/product_brand?post=17136"},{"taxonomy":"product_cat","embeddable":true,"href":"https:\/\/solarmoov.com\/de\/wp-json\/wp\/v2\/product_cat?post=17136"},{"taxonomy":"product_tag","embeddable":true,"href":"https:\/\/solarmoov.com\/de\/wp-json\/wp\/v2\/product_tag?post=17136"}],"curies":[{"name":"wp","href":"https:\/\/api.w.org\/{rel}","templated":true}]}}