{"id":17150,"date":"2023-11-07T16:44:15","date_gmt":"2023-11-07T16:44:15","guid":{"rendered":"https:\/\/solarmoov.com\/product\/dachtraeger-fuer-anhaenger-kern"},"modified":"2024-06-27T13:58:23","modified_gmt":"2024-06-27T13:58:23","slug":"dachtraeger-fuer-anhaenger-kern","status":"publish","type":"product","link":"https:\/\/solarmoov.com\/de\/produkt\/dachtraeger-fuer-anhaenger-kern","title":{"rendered":"Dachtr\u00e4ger f\u00fcr Anh\u00e4nger Kern"},"content":{"rendered":"<p>Dachtr\u00e4ger aus Aluminium, passend f\u00fcr den KERN-Anh\u00e4nger. Die Stangen sind mit rutschfestem EVA-Schaumstoff \u00fcberzogen.<\/p>\n<p>Vorderer Balken: L 38.6cm \/ Breite: 7cm \/ Dicke: 4mm<\/p>\n<p>Hinten: L 36.5cm \/ Breite: 7cm \/ Dicke: 4mm<\/p>\n<p>Gewicht: 630grs mit Schrauben<\/p>\n<p><strong><a href=\"https:\/\/solarmoov.com\/wp-content\/uploads\/2023\/11\/Instructions-KERN.pdf\" target=\"_blank\" rel=\"noopener\">Download der Gebrauchs- und Montageanleitung<\/a><\/strong><\/p>\n","protected":false},"excerpt":{"rendered":"<p>Dachtr\u00e4ger aus Aluminium, passend f\u00fcr den KERN-Anh\u00e4nger. Die Stangen sind mit rutschfestem EVA-Schaumstoff \u00fcberzogen. Vorderer Balken: L 38.6cm \/ Breite: 7cm \/ Dicke: 4mm Hinten: L 36.5cm \/ Breite: 7cm \/ Dicke: 4mm Gewicht: 630grs mit Schrauben Download der Gebrauchs- und Montageanleitung<\/p>\n","protected":false},"featured_media":14943,"template":"","meta":[],"product_brand":[],"product_cat":[124],"product_tag":[],"class_list":{"0":"post-17150","1":"product","2":"type-product","3":"status-publish","4":"has-post-thumbnail","6":"product_cat-mehrzweckanhanger-kern","7":"product_shipping_class-5-ersatzteil-gros","9":"first","10":"instock","11":"taxable","12":"shipping-taxable","13":"purchasable","14":"product-type-simple"},"yoast_head":"<!-- This site is optimized with the Yoast SEO plugin v27.3 - https:\/\/yoast.com\/product\/yoast-seo-wordpress\/ -->\n<title>Dachtr\u00e4ger f\u00fcr Anh\u00e4nger Kern - SolarMoov<\/title>\n<meta name=\"robots\" content=\"index, follow, max-snippet:-1, max-image-preview:large, max-video-preview:-1\" \/>\n<link rel=\"canonical\" href=\"https:\/\/solarmoov.com\/de\/produkt\/dachtraeger-fuer-anhaenger-kern\" \/>\n<meta property=\"og:locale\" content=\"de_DE\" \/>\n<meta property=\"og:type\" content=\"article\" \/>\n<meta property=\"og:title\" content=\"Dachtr\u00e4ger f\u00fcr Anh\u00e4nger Kern - SolarMoov\" \/>\n<meta property=\"og:description\" content=\"Dachtr\u00e4ger aus Aluminium, passend f\u00fcr den KERN-Anh\u00e4nger. Die Stangen sind mit rutschfestem EVA-Schaumstoff \u00fcberzogen. Vorderer Balken: L 38.6cm \/ Breite: 7cm \/ Dicke: 4mm Hinten: L 36.5cm \/ Breite: 7cm \/ Dicke: 4mm Gewicht: 630grs mit Schrauben Download der Gebrauchs- und Montageanleitung\" \/>\n<meta property=\"og:url\" content=\"https:\/\/solarmoov.com\/de\/produkt\/dachtraeger-fuer-anhaenger-kern\" \/>\n<meta property=\"og:site_name\" content=\"SolarMoov\" \/>\n<meta property=\"article:publisher\" content=\"https:\/\/www.facebook.com\/Solarmoov\" \/>\n<meta property=\"article:modified_time\" content=\"2024-06-27T13:58:23+00:00\" \/>\n<meta property=\"og:image\" content=\"https:\/\/solarmoov.com\/wp-content\/uploads\/2023\/10\/barres-toit.webp\" \/>\n\t<meta property=\"og:image:width\" content=\"1000\" \/>\n\t<meta property=\"og:image:height\" content=\"474\" \/>\n\t<meta property=\"og:image:type\" content=\"image\/webp\" \/>\n<meta name=\"twitter:card\" content=\"summary_large_image\" \/>\n<script type=\"application\/ld+json\" class=\"yoast-schema-graph\">{\"@context\":\"https:\\\/\\\/schema.org\",\"@graph\":[{\"@type\":\"WebPage\",\"@id\":\"https:\\\/\\\/solarmoov.com\\\/de\\\/produkt\\\/dachtraeger-fuer-anhaenger-kern\",\"url\":\"https:\\\/\\\/solarmoov.com\\\/de\\\/produkt\\\/dachtraeger-fuer-anhaenger-kern\",\"name\":\"Dachtr\u00e4ger f\u00fcr Anh\u00e4nger Kern - SolarMoov\",\"isPartOf\":{\"@id\":\"https:\\\/\\\/solarmoov.com\\\/de#website\"},\"primaryImageOfPage\":{\"@id\":\"https:\\\/\\\/solarmoov.com\\\/de\\\/produkt\\\/dachtraeger-fuer-anhaenger-kern#primaryimage\"},\"image\":{\"@id\":\"https:\\\/\\\/solarmoov.com\\\/de\\\/produkt\\\/dachtraeger-fuer-anhaenger-kern#primaryimage\"},\"thumbnailUrl\":\"https:\\\/\\\/solarmoov.com\\\/wp-content\\\/uploads\\\/2023\\\/10\\\/barres-toit.webp\",\"datePublished\":\"2023-11-07T16:44:15+00:00\",\"dateModified\":\"2024-06-27T13:58:23+00:00\",\"breadcrumb\":{\"@id\":\"https:\\\/\\\/solarmoov.com\\\/de\\\/produkt\\\/dachtraeger-fuer-anhaenger-kern#breadcrumb\"},\"inLanguage\":\"de\",\"potentialAction\":[{\"@type\":\"ReadAction\",\"target\":[\"https:\\\/\\\/solarmoov.com\\\/de\\\/produkt\\\/dachtraeger-fuer-anhaenger-kern\"]}]},{\"@type\":\"ImageObject\",\"inLanguage\":\"de\",\"@id\":\"https:\\\/\\\/solarmoov.com\\\/de\\\/produkt\\\/dachtraeger-fuer-anhaenger-kern#primaryimage\",\"url\":\"https:\\\/\\\/solarmoov.com\\\/wp-content\\\/uploads\\\/2023\\\/10\\\/barres-toit.webp\",\"contentUrl\":\"https:\\\/\\\/solarmoov.com\\\/wp-content\\\/uploads\\\/2023\\\/10\\\/barres-toit.webp\",\"width\":1000,\"height\":474},{\"@type\":\"BreadcrumbList\",\"@id\":\"https:\\\/\\\/solarmoov.com\\\/de\\\/produkt\\\/dachtraeger-fuer-anhaenger-kern#breadcrumb\",\"itemListElement\":[{\"@type\":\"ListItem\",\"position\":1,\"name\":\"Accueil\",\"item\":\"https:\\\/\\\/solarmoov.com\\\/de\\\/startseite\"},{\"@type\":\"ListItem\",\"position\":2,\"name\":\"BOUTIQUE\",\"item\":\"https:\\\/\\\/solarmoov.com\\\/de?page_id=17295\"},{\"@type\":\"ListItem\",\"position\":3,\"name\":\"Dachtr\u00e4ger f\u00fcr Anh\u00e4nger Kern\"}]},{\"@type\":\"WebSite\",\"@id\":\"https:\\\/\\\/solarmoov.com\\\/de#website\",\"url\":\"https:\\\/\\\/solarmoov.com\\\/de\",\"name\":\"SolarMoov\",\"description\":\"Remorques pour v\u00e9los et cycles\",\"publisher\":{\"@id\":\"https:\\\/\\\/solarmoov.com\\\/de#organization\"},\"potentialAction\":[{\"@type\":\"SearchAction\",\"target\":{\"@type\":\"EntryPoint\",\"urlTemplate\":\"https:\\\/\\\/solarmoov.com\\\/de?s={search_term_string}\"},\"query-input\":{\"@type\":\"PropertyValueSpecification\",\"valueRequired\":true,\"valueName\":\"search_term_string\"}}],\"inLanguage\":\"de\"},{\"@type\":\"Organization\",\"@id\":\"https:\\\/\\\/solarmoov.com\\\/de#organization\",\"name\":\"SolarMoov\",\"url\":\"https:\\\/\\\/solarmoov.com\\\/de\",\"logo\":{\"@type\":\"ImageObject\",\"inLanguage\":\"de\",\"@id\":\"https:\\\/\\\/solarmoov.com\\\/de#\\\/schema\\\/logo\\\/image\\\/\",\"url\":\"https:\\\/\\\/solarmoov.com\\\/wp-content\\\/uploads\\\/2023\\\/05\\\/cropped-SIGNATURE-MAIL_icone-jaune-fond-vert.png\",\"contentUrl\":\"https:\\\/\\\/solarmoov.com\\\/wp-content\\\/uploads\\\/2023\\\/05\\\/cropped-SIGNATURE-MAIL_icone-jaune-fond-vert.png\",\"width\":512,\"height\":512,\"caption\":\"SolarMoov\"},\"image\":{\"@id\":\"https:\\\/\\\/solarmoov.com\\\/de#\\\/schema\\\/logo\\\/image\\\/\"},\"sameAs\":[\"https:\\\/\\\/www.facebook.com\\\/Solarmoov\",\"https:\\\/\\\/www.linkedin.com\\\/company\\\/86362551\"]}]}<\/script>\n<!-- \/ Yoast SEO plugin. -->","yoast_head_json":{"title":"Dachtr\u00e4ger f\u00fcr Anh\u00e4nger Kern - SolarMoov","robots":{"index":"index","follow":"follow","max-snippet":"max-snippet:-1","max-image-preview":"max-image-preview:large","max-video-preview":"max-video-preview:-1"},"canonical":"https:\/\/solarmoov.com\/de\/produkt\/dachtraeger-fuer-anhaenger-kern","og_locale":"de_DE","og_type":"article","og_title":"Dachtr\u00e4ger f\u00fcr Anh\u00e4nger Kern - SolarMoov","og_description":"Dachtr\u00e4ger aus Aluminium, passend f\u00fcr den KERN-Anh\u00e4nger. Die Stangen sind mit rutschfestem EVA-Schaumstoff \u00fcberzogen. Vorderer Balken: L 38.6cm \/ Breite: 7cm \/ Dicke: 4mm Hinten: L 36.5cm \/ Breite: 7cm \/ Dicke: 4mm Gewicht: 630grs mit Schrauben Download der Gebrauchs- und Montageanleitung","og_url":"https:\/\/solarmoov.com\/de\/produkt\/dachtraeger-fuer-anhaenger-kern","og_site_name":"SolarMoov","article_publisher":"https:\/\/www.facebook.com\/Solarmoov","article_modified_time":"2024-06-27T13:58:23+00:00","og_image":[{"width":1000,"height":474,"url":"https:\/\/solarmoov.com\/wp-content\/uploads\/2023\/10\/barres-toit.webp","type":"image\/webp"}],"twitter_card":"summary_large_image","schema":{"@context":"https:\/\/schema.org","@graph":[{"@type":"WebPage","@id":"https:\/\/solarmoov.com\/de\/produkt\/dachtraeger-fuer-anhaenger-kern","url":"https:\/\/solarmoov.com\/de\/produkt\/dachtraeger-fuer-anhaenger-kern","name":"Dachtr\u00e4ger f\u00fcr Anh\u00e4nger Kern - SolarMoov","isPartOf":{"@id":"https:\/\/solarmoov.com\/de#website"},"primaryImageOfPage":{"@id":"https:\/\/solarmoov.com\/de\/produkt\/dachtraeger-fuer-anhaenger-kern#primaryimage"},"image":{"@id":"https:\/\/solarmoov.com\/de\/produkt\/dachtraeger-fuer-anhaenger-kern#primaryimage"},"thumbnailUrl":"https:\/\/solarmoov.com\/wp-content\/uploads\/2023\/10\/barres-toit.webp","datePublished":"2023-11-07T16:44:15+00:00","dateModified":"2024-06-27T13:58:23+00:00","breadcrumb":{"@id":"https:\/\/solarmoov.com\/de\/produkt\/dachtraeger-fuer-anhaenger-kern#breadcrumb"},"inLanguage":"de","potentialAction":[{"@type":"ReadAction","target":["https:\/\/solarmoov.com\/de\/produkt\/dachtraeger-fuer-anhaenger-kern"]}]},{"@type":"ImageObject","inLanguage":"de","@id":"https:\/\/solarmoov.com\/de\/produkt\/dachtraeger-fuer-anhaenger-kern#primaryimage","url":"https:\/\/solarmoov.com\/wp-content\/uploads\/2023\/10\/barres-toit.webp","contentUrl":"https:\/\/solarmoov.com\/wp-content\/uploads\/2023\/10\/barres-toit.webp","width":1000,"height":474},{"@type":"BreadcrumbList","@id":"https:\/\/solarmoov.com\/de\/produkt\/dachtraeger-fuer-anhaenger-kern#breadcrumb","itemListElement":[{"@type":"ListItem","position":1,"name":"Accueil","item":"https:\/\/solarmoov.com\/de\/startseite"},{"@type":"ListItem","position":2,"name":"BOUTIQUE","item":"https:\/\/solarmoov.com\/de?page_id=17295"},{"@type":"ListItem","position":3,"name":"Dachtr\u00e4ger f\u00fcr Anh\u00e4nger Kern"}]},{"@type":"WebSite","@id":"https:\/\/solarmoov.com\/de#website","url":"https:\/\/solarmoov.com\/de","name":"SolarMoov","description":"Remorques pour v\u00e9los et cycles","publisher":{"@id":"https:\/\/solarmoov.com\/de#organization"},"potentialAction":[{"@type":"SearchAction","target":{"@type":"EntryPoint","urlTemplate":"https:\/\/solarmoov.com\/de?s={search_term_string}"},"query-input":{"@type":"PropertyValueSpecification","valueRequired":true,"valueName":"search_term_string"}}],"inLanguage":"de"},{"@type":"Organization","@id":"https:\/\/solarmoov.com\/de#organization","name":"SolarMoov","url":"https:\/\/solarmoov.com\/de","logo":{"@type":"ImageObject","inLanguage":"de","@id":"https:\/\/solarmoov.com\/de#\/schema\/logo\/image\/","url":"https:\/\/solarmoov.com\/wp-content\/uploads\/2023\/05\/cropped-SIGNATURE-MAIL_icone-jaune-fond-vert.png","contentUrl":"https:\/\/solarmoov.com\/wp-content\/uploads\/2023\/05\/cropped-SIGNATURE-MAIL_icone-jaune-fond-vert.png","width":512,"height":512,"caption":"SolarMoov"},"image":{"@id":"https:\/\/solarmoov.com\/de#\/schema\/logo\/image\/"},"sameAs":["https:\/\/www.facebook.com\/Solarmoov","https:\/\/www.linkedin.com\/company\/86362551"]}]}},"_links":{"self":[{"href":"https:\/\/solarmoov.com\/de\/wp-json\/wp\/v2\/product\/17150","targetHints":{"allow":["GET"]}}],"collection":[{"href":"https:\/\/solarmoov.com\/de\/wp-json\/wp\/v2\/product"}],"about":[{"href":"https:\/\/solarmoov.com\/de\/wp-json\/wp\/v2\/types\/product"}],"wp:featuredmedia":[{"embeddable":true,"href":"https:\/\/solarmoov.com\/de\/wp-json\/wp\/v2\/media\/14943"}],"wp:attachment":[{"href":"https:\/\/solarmoov.com\/de\/wp-json\/wp\/v2\/media?parent=17150"}],"wp:term":[{"taxonomy":"product_brand","embeddable":true,"href":"https:\/\/solarmoov.com\/de\/wp-json\/wp\/v2\/product_brand?post=17150"},{"taxonomy":"product_cat","embeddable":true,"href":"https:\/\/solarmoov.com\/de\/wp-json\/wp\/v2\/product_cat?post=17150"},{"taxonomy":"product_tag","embeddable":true,"href":"https:\/\/solarmoov.com\/de\/wp-json\/wp\/v2\/product_tag?post=17150"}],"curies":[{"name":"wp","href":"https:\/\/api.w.org\/{rel}","templated":true}]}}