{"id":17194,"date":"2022-06-07T14:07:53","date_gmt":"2022-06-07T14:07:53","guid":{"rendered":"https:\/\/solarmoov.com\/product\/die-wasserdichte-tasche-explorer"},"modified":"2024-06-27T13:58:25","modified_gmt":"2024-06-27T13:58:25","slug":"die-wasserdichte-tasche-explorer","status":"publish","type":"product","link":"https:\/\/solarmoov.com\/de\/produkt\/die-wasserdichte-tasche-explorer","title":{"rendered":"Die wasserdichte Tasche Explorer"},"content":{"rendered":"<p>Schwarze, wasserdichte Reisetasche aus X-PAC, gef\u00fcttert und verst\u00e4rkt am Boden der Tasche, gro\u00dfes Fassungsverm\u00f6gen 110L, Rollverschluss, Befestigungssystem f\u00fcr den Korb des Anh\u00e4ngers<\/p>\n","protected":false},"excerpt":{"rendered":"<p>Schwarze, wasserdichte Reisetasche aus X-PAC, gef\u00fcttert und verst\u00e4rkt am Boden der Tasche, gro\u00dfes Fassungsverm\u00f6gen 110L, Rollverschluss, Befestigungssystem f\u00fcr den Korb des Anh\u00e4ngers<\/p>\n","protected":false},"featured_media":13157,"template":"","meta":[],"product_brand":[],"product_cat":[130],"product_tag":[],"class_list":{"0":"post-17194","1":"product","2":"type-product","3":"status-publish","4":"has-post-thumbnail","6":"product_cat-anhanger-explorer-100-solar","7":"product_shipping_class-5-ersatzteil-gros","9":"first","10":"instock","11":"taxable","12":"shipping-taxable","13":"purchasable","14":"product-type-simple"},"yoast_head":"<!-- This site is optimized with the Yoast SEO plugin v27.3 - https:\/\/yoast.com\/product\/yoast-seo-wordpress\/ -->\n<title>Die wasserdichte Tasche Explorer - SolarMoov<\/title>\n<meta name=\"robots\" content=\"index, follow, max-snippet:-1, max-image-preview:large, max-video-preview:-1\" \/>\n<link rel=\"canonical\" href=\"https:\/\/solarmoov.com\/de\/produkt\/die-wasserdichte-tasche-explorer\" \/>\n<meta property=\"og:locale\" content=\"de_DE\" \/>\n<meta property=\"og:type\" content=\"article\" \/>\n<meta property=\"og:title\" content=\"Die wasserdichte Tasche Explorer - SolarMoov\" \/>\n<meta property=\"og:description\" content=\"Schwarze, wasserdichte Reisetasche aus X-PAC, gef\u00fcttert und verst\u00e4rkt am Boden der Tasche, gro\u00dfes Fassungsverm\u00f6gen 110L, Rollverschluss, Befestigungssystem f\u00fcr den Korb des Anh\u00e4ngers\" \/>\n<meta property=\"og:url\" content=\"https:\/\/solarmoov.com\/de\/produkt\/die-wasserdichte-tasche-explorer\" \/>\n<meta property=\"og:site_name\" content=\"SolarMoov\" \/>\n<meta property=\"article:publisher\" content=\"https:\/\/www.facebook.com\/Solarmoov\" \/>\n<meta property=\"article:modified_time\" content=\"2024-06-27T13:58:25+00:00\" \/>\n<meta property=\"og:image\" content=\"https:\/\/solarmoov.com\/wp-content\/uploads\/2022\/05\/2204_NJahan_SolarMoov-0004-scaled.jpg\" \/>\n\t<meta property=\"og:image:width\" content=\"2560\" \/>\n\t<meta property=\"og:image:height\" content=\"1707\" \/>\n\t<meta property=\"og:image:type\" content=\"image\/jpeg\" \/>\n<meta name=\"twitter:card\" content=\"summary_large_image\" \/>\n<script type=\"application\/ld+json\" class=\"yoast-schema-graph\">{\"@context\":\"https:\\\/\\\/schema.org\",\"@graph\":[{\"@type\":\"WebPage\",\"@id\":\"https:\\\/\\\/solarmoov.com\\\/de\\\/produkt\\\/die-wasserdichte-tasche-explorer\",\"url\":\"https:\\\/\\\/solarmoov.com\\\/de\\\/produkt\\\/die-wasserdichte-tasche-explorer\",\"name\":\"Die wasserdichte Tasche Explorer - SolarMoov\",\"isPartOf\":{\"@id\":\"https:\\\/\\\/solarmoov.com\\\/de#website\"},\"primaryImageOfPage\":{\"@id\":\"https:\\\/\\\/solarmoov.com\\\/de\\\/produkt\\\/die-wasserdichte-tasche-explorer#primaryimage\"},\"image\":{\"@id\":\"https:\\\/\\\/solarmoov.com\\\/de\\\/produkt\\\/die-wasserdichte-tasche-explorer#primaryimage\"},\"thumbnailUrl\":\"https:\\\/\\\/solarmoov.com\\\/wp-content\\\/uploads\\\/2022\\\/05\\\/2204_NJahan_SolarMoov-0004-scaled.jpg\",\"datePublished\":\"2022-06-07T14:07:53+00:00\",\"dateModified\":\"2024-06-27T13:58:25+00:00\",\"breadcrumb\":{\"@id\":\"https:\\\/\\\/solarmoov.com\\\/de\\\/produkt\\\/die-wasserdichte-tasche-explorer#breadcrumb\"},\"inLanguage\":\"de\",\"potentialAction\":[{\"@type\":\"ReadAction\",\"target\":[\"https:\\\/\\\/solarmoov.com\\\/de\\\/produkt\\\/die-wasserdichte-tasche-explorer\"]}]},{\"@type\":\"ImageObject\",\"inLanguage\":\"de\",\"@id\":\"https:\\\/\\\/solarmoov.com\\\/de\\\/produkt\\\/die-wasserdichte-tasche-explorer#primaryimage\",\"url\":\"https:\\\/\\\/solarmoov.com\\\/wp-content\\\/uploads\\\/2022\\\/05\\\/2204_NJahan_SolarMoov-0004-scaled.jpg\",\"contentUrl\":\"https:\\\/\\\/solarmoov.com\\\/wp-content\\\/uploads\\\/2022\\\/05\\\/2204_NJahan_SolarMoov-0004-scaled.jpg\",\"width\":2560,\"height\":1707},{\"@type\":\"BreadcrumbList\",\"@id\":\"https:\\\/\\\/solarmoov.com\\\/de\\\/produkt\\\/die-wasserdichte-tasche-explorer#breadcrumb\",\"itemListElement\":[{\"@type\":\"ListItem\",\"position\":1,\"name\":\"Accueil\",\"item\":\"https:\\\/\\\/solarmoov.com\\\/de\\\/startseite\"},{\"@type\":\"ListItem\",\"position\":2,\"name\":\"BOUTIQUE\",\"item\":\"https:\\\/\\\/solarmoov.com\\\/de?page_id=17295\"},{\"@type\":\"ListItem\",\"position\":3,\"name\":\"Die wasserdichte Tasche Explorer\"}]},{\"@type\":\"WebSite\",\"@id\":\"https:\\\/\\\/solarmoov.com\\\/de#website\",\"url\":\"https:\\\/\\\/solarmoov.com\\\/de\",\"name\":\"SolarMoov\",\"description\":\"Remorques pour v\u00e9los et cycles\",\"publisher\":{\"@id\":\"https:\\\/\\\/solarmoov.com\\\/de#organization\"},\"potentialAction\":[{\"@type\":\"SearchAction\",\"target\":{\"@type\":\"EntryPoint\",\"urlTemplate\":\"https:\\\/\\\/solarmoov.com\\\/de?s={search_term_string}\"},\"query-input\":{\"@type\":\"PropertyValueSpecification\",\"valueRequired\":true,\"valueName\":\"search_term_string\"}}],\"inLanguage\":\"de\"},{\"@type\":\"Organization\",\"@id\":\"https:\\\/\\\/solarmoov.com\\\/de#organization\",\"name\":\"SolarMoov\",\"url\":\"https:\\\/\\\/solarmoov.com\\\/de\",\"logo\":{\"@type\":\"ImageObject\",\"inLanguage\":\"de\",\"@id\":\"https:\\\/\\\/solarmoov.com\\\/de#\\\/schema\\\/logo\\\/image\\\/\",\"url\":\"https:\\\/\\\/solarmoov.com\\\/wp-content\\\/uploads\\\/2023\\\/05\\\/cropped-SIGNATURE-MAIL_icone-jaune-fond-vert.png\",\"contentUrl\":\"https:\\\/\\\/solarmoov.com\\\/wp-content\\\/uploads\\\/2023\\\/05\\\/cropped-SIGNATURE-MAIL_icone-jaune-fond-vert.png\",\"width\":512,\"height\":512,\"caption\":\"SolarMoov\"},\"image\":{\"@id\":\"https:\\\/\\\/solarmoov.com\\\/de#\\\/schema\\\/logo\\\/image\\\/\"},\"sameAs\":[\"https:\\\/\\\/www.facebook.com\\\/Solarmoov\",\"https:\\\/\\\/www.linkedin.com\\\/company\\\/86362551\"]}]}<\/script>\n<!-- \/ Yoast SEO plugin. -->","yoast_head_json":{"title":"Die wasserdichte Tasche Explorer - SolarMoov","robots":{"index":"index","follow":"follow","max-snippet":"max-snippet:-1","max-image-preview":"max-image-preview:large","max-video-preview":"max-video-preview:-1"},"canonical":"https:\/\/solarmoov.com\/de\/produkt\/die-wasserdichte-tasche-explorer","og_locale":"de_DE","og_type":"article","og_title":"Die wasserdichte Tasche Explorer - SolarMoov","og_description":"Schwarze, wasserdichte Reisetasche aus X-PAC, gef\u00fcttert und verst\u00e4rkt am Boden der Tasche, gro\u00dfes Fassungsverm\u00f6gen 110L, Rollverschluss, Befestigungssystem f\u00fcr den Korb des Anh\u00e4ngers","og_url":"https:\/\/solarmoov.com\/de\/produkt\/die-wasserdichte-tasche-explorer","og_site_name":"SolarMoov","article_publisher":"https:\/\/www.facebook.com\/Solarmoov","article_modified_time":"2024-06-27T13:58:25+00:00","og_image":[{"width":2560,"height":1707,"url":"https:\/\/solarmoov.com\/wp-content\/uploads\/2022\/05\/2204_NJahan_SolarMoov-0004-scaled.jpg","type":"image\/jpeg"}],"twitter_card":"summary_large_image","schema":{"@context":"https:\/\/schema.org","@graph":[{"@type":"WebPage","@id":"https:\/\/solarmoov.com\/de\/produkt\/die-wasserdichte-tasche-explorer","url":"https:\/\/solarmoov.com\/de\/produkt\/die-wasserdichte-tasche-explorer","name":"Die wasserdichte Tasche Explorer - SolarMoov","isPartOf":{"@id":"https:\/\/solarmoov.com\/de#website"},"primaryImageOfPage":{"@id":"https:\/\/solarmoov.com\/de\/produkt\/die-wasserdichte-tasche-explorer#primaryimage"},"image":{"@id":"https:\/\/solarmoov.com\/de\/produkt\/die-wasserdichte-tasche-explorer#primaryimage"},"thumbnailUrl":"https:\/\/solarmoov.com\/wp-content\/uploads\/2022\/05\/2204_NJahan_SolarMoov-0004-scaled.jpg","datePublished":"2022-06-07T14:07:53+00:00","dateModified":"2024-06-27T13:58:25+00:00","breadcrumb":{"@id":"https:\/\/solarmoov.com\/de\/produkt\/die-wasserdichte-tasche-explorer#breadcrumb"},"inLanguage":"de","potentialAction":[{"@type":"ReadAction","target":["https:\/\/solarmoov.com\/de\/produkt\/die-wasserdichte-tasche-explorer"]}]},{"@type":"ImageObject","inLanguage":"de","@id":"https:\/\/solarmoov.com\/de\/produkt\/die-wasserdichte-tasche-explorer#primaryimage","url":"https:\/\/solarmoov.com\/wp-content\/uploads\/2022\/05\/2204_NJahan_SolarMoov-0004-scaled.jpg","contentUrl":"https:\/\/solarmoov.com\/wp-content\/uploads\/2022\/05\/2204_NJahan_SolarMoov-0004-scaled.jpg","width":2560,"height":1707},{"@type":"BreadcrumbList","@id":"https:\/\/solarmoov.com\/de\/produkt\/die-wasserdichte-tasche-explorer#breadcrumb","itemListElement":[{"@type":"ListItem","position":1,"name":"Accueil","item":"https:\/\/solarmoov.com\/de\/startseite"},{"@type":"ListItem","position":2,"name":"BOUTIQUE","item":"https:\/\/solarmoov.com\/de?page_id=17295"},{"@type":"ListItem","position":3,"name":"Die wasserdichte Tasche Explorer"}]},{"@type":"WebSite","@id":"https:\/\/solarmoov.com\/de#website","url":"https:\/\/solarmoov.com\/de","name":"SolarMoov","description":"Remorques pour v\u00e9los et cycles","publisher":{"@id":"https:\/\/solarmoov.com\/de#organization"},"potentialAction":[{"@type":"SearchAction","target":{"@type":"EntryPoint","urlTemplate":"https:\/\/solarmoov.com\/de?s={search_term_string}"},"query-input":{"@type":"PropertyValueSpecification","valueRequired":true,"valueName":"search_term_string"}}],"inLanguage":"de"},{"@type":"Organization","@id":"https:\/\/solarmoov.com\/de#organization","name":"SolarMoov","url":"https:\/\/solarmoov.com\/de","logo":{"@type":"ImageObject","inLanguage":"de","@id":"https:\/\/solarmoov.com\/de#\/schema\/logo\/image\/","url":"https:\/\/solarmoov.com\/wp-content\/uploads\/2023\/05\/cropped-SIGNATURE-MAIL_icone-jaune-fond-vert.png","contentUrl":"https:\/\/solarmoov.com\/wp-content\/uploads\/2023\/05\/cropped-SIGNATURE-MAIL_icone-jaune-fond-vert.png","width":512,"height":512,"caption":"SolarMoov"},"image":{"@id":"https:\/\/solarmoov.com\/de#\/schema\/logo\/image\/"},"sameAs":["https:\/\/www.facebook.com\/Solarmoov","https:\/\/www.linkedin.com\/company\/86362551"]}]}},"_links":{"self":[{"href":"https:\/\/solarmoov.com\/de\/wp-json\/wp\/v2\/product\/17194","targetHints":{"allow":["GET"]}}],"collection":[{"href":"https:\/\/solarmoov.com\/de\/wp-json\/wp\/v2\/product"}],"about":[{"href":"https:\/\/solarmoov.com\/de\/wp-json\/wp\/v2\/types\/product"}],"wp:featuredmedia":[{"embeddable":true,"href":"https:\/\/solarmoov.com\/de\/wp-json\/wp\/v2\/media\/13157"}],"wp:attachment":[{"href":"https:\/\/solarmoov.com\/de\/wp-json\/wp\/v2\/media?parent=17194"}],"wp:term":[{"taxonomy":"product_brand","embeddable":true,"href":"https:\/\/solarmoov.com\/de\/wp-json\/wp\/v2\/product_brand?post=17194"},{"taxonomy":"product_cat","embeddable":true,"href":"https:\/\/solarmoov.com\/de\/wp-json\/wp\/v2\/product_cat?post=17194"},{"taxonomy":"product_tag","embeddable":true,"href":"https:\/\/solarmoov.com\/de\/wp-json\/wp\/v2\/product_tag?post=17194"}],"curies":[{"name":"wp","href":"https:\/\/api.w.org\/{rel}","templated":true}]}}